{"id":12878,"date":"2023-07-11T10:57:32","date_gmt":"2023-07-11T08:57:32","guid":{"rendered":"https:\/\/lieliskimati.lv\/?post_type=product&#038;p=12878"},"modified":"2026-05-12T19:35:46","modified_gmt":"2026-05-12T16:35:46","slug":"cpr-peptide-18-serum-fine-hair","status":"publish","type":"product","link":"https:\/\/lieliskimati.lv\/et\/toode\/cpr-peptide-18-serum-fine-hair\/","title":{"rendered":"L\u2019Alga CPR Peptide-18 spray-seerum \u00f5hukestele juustele"},"content":{"rendered":"<p><strong>KASUTAMINE<\/strong><\/p>\n<ul>\n<li>Piserda seerum r\u00e4tikukuivadesse v\u00f5i kuivadesse juustesse<\/li>\n<li>Jaota \u00fchtlaselt juuste kogupikkusesse ja otstesse<\/li>\n<li>J\u00e4ta juustesse, \u00e4ra loputa v\u00e4lja<\/li>\n<li>NB: raputa hoolikalt enne kasutamist, et aktiivained omavahel \u00fchtlaselt seguneks<\/li>\n<\/ul>\n<div><\/div>\n<div class=\"text-xs flex items-center justify-center gap-1 absolute left-0 top-2 -ml-4 -translate-x-full group-hover:visible visible\"><strong>CPR Molecular Repair Peptide-18<\/strong> sarja v\u00f5tmes\u00f5na on <strong>peptiidid<\/strong>, mida k\u00f5ik CPR sarja tooted rikkalikult sisaldavad.<\/div>\n<ul>\n<li>Peptiidid\u00a0suurendavad juuste niiskussisaldust ning v\u00e4hendavad seel\u00e4bi juukseotste l\u00f5henemist ja murdumist. T\u00e4nu nende v\u00f5imsatele omadustele saavad juuksed kiiresti tagasi oma tervisliku v\u00e4ljan\u00e4gemise, muutudes tugevamaks, vastupidavamaks ja kaunilt l\u00e4ikivaks.<\/li>\n<li>L\u2019Alga CPR Peptide-18 tooted on rikastatud <strong>vetikaekstraktide kompleksiga AlgaNord 5\u2122<\/strong>, mis v\u00f5imendab toitainete, mineraalide ja vitamiinide j\u00f5udmist peanaha rakkudesse. Mineraalidest, asendamatutest omega rasvhappetest, vitamiinidest ja toitaineterikastest mikroelementidest pakatav L\u2019Alga teaduslikult t\u00f5estatud kompleks AlgaNord 5\u2122 pakub juustele ja peanahale kohest turgutust ning pikaajalist kaitset.<\/li>\n<li>L\u2019Alga CPR Peptide-18 toodetes sisalduv <strong>h\u00fcaluroonhape<\/strong> pakub t\u00f5husat kaitset juustele, hoides neid niisutatuna ja s\u00e4ilitades tervetele juustele omase lipiidide ja proteiinide \u00f5ige tasakaalu. See aitab ennetada juuste kahusust ja lisab juustele vol\u00fc\u00fcmi. H\u00fcaluroonhape on aitab t\u00f5husalt niisutada ka peanaha kuivi ja ketendavaid piirkondi.<\/li>\n<li>L\u2019Alga CPR Peptide-18 toodetes sisalduv <strong>termoaktiivne seesamiproteiin<\/strong>\u00a0tagab juustele pehmuse, tugevuse ja terve v\u00e4limuse. Termoaktiivne seesamiproteiin\u00a0toimib kaitseva barj\u00e4\u00e4rina juuste ja kuumuse vahel, kaitstes juukseid kuivamise ja elutuks muutumise eest.<\/li>\n<li>Iga CPR Peptide-18 toode sisaldab <strong>5-9 spetsiifilist niisutavat komponenti<\/strong>, mis t\u00e4idavad juuste erinevaid vajadusi. Nende toimeainete koosm\u00f5jul suudabki sari saavutada h\u00e4sti niisutatud, kahuvabad ja uskumatult pehmed juuksed sisuliselt esimesel kasutamisel. Mitmed niisutavad komponendid aitavad\u00a0hoiduda juukseotste l\u00f5henemisest ning muudavad juuksed imeliselt libisevaks, nii et juukseid on palju lihtsam kammida, harjata ja stiliseerida.<\/li>\n<\/ul>\n","protected":false},"excerpt":{"rendered":"<p>L\u2019Alga SEASHIELD Peptide-18 spray-seerum kuulub\u00a0L&#8217;Alga uude revolutsioonilisse tooteperekonda <strong>CPR Intensive Care Peptide-18<\/strong>, mis tagab juustele kohese s\u00fcvaniisutuse, parandab blondeerimiste, v\u00e4rvimiste, keemiliste t\u00f6\u00f6tluste ja kuumt\u00f6\u00f6tlemise tagaj\u00e4rjel tekkinud juuste kahjustused ning taastab juukseid seestpoolt.<\/p>\n<p>See kergema koostisega aktiivseerum on m\u00f5eldud spetsiaalselt \u00f5hukestele ja peene struktuuriga juustele, sest annab kohevust ning kaitseb juukseid ka kuumt\u00f6\u00f6tlusvahendite eest, luues juustele kaitsva barj\u00e4\u00e4ri. K\u00f5ik seerumi koostisosad t\u00f6\u00f6tavad koos s\u00fcnergias, mis v\u00f5imendab tulemusi ja hoiab \u00e4ra v\u00f5imalikud uued kahjustused. Samal ajal kui h\u00fcaluroonhape salvestab niiskust ja peptiidid suurendavad kollageeni tootmist, siluvad ja taltsutavad juuste kahusust k\u00f5rgelt kontsentreeritud vetikaekstraktide kompleks AlgaNord5\u2122, termoaktiivne seesamiproteiin ja 8 erinevat niisutavat komponenti. Tulemuseks on kahuvaba viimistlus, pehmed ja loomulikult l\u00e4ikivad juuksed.<\/p>\n<ul>\n<li>Sobib \u00f5hukestele, peene struktuuriga juustele sagedaseks kasutamiseks<\/li>\n<li>Annab kohevust, taastab juuste pehmuse ja sileduse<\/li>\n<li>Kaitseb juukseid kuumaga t\u00f6\u00f6tlemise eest<\/li>\n<li>Sisaldab kollageeni tootmist stimuleerivaid <strong>peptiide<\/strong><\/li>\n<li>Sisaldab niiskust siduvat <strong>h\u00fcaluroonhapet<\/strong><\/li>\n<li>Sisaldab <strong>termoaktiivset seesamivalku<\/strong><\/li>\n<li>Sisaldab 8<strong>\u00a0erinevat intensiivselt niisutavat komponenti<\/strong><\/li>\n<li>Sisaldab teaduslikult t\u00f5estatud <strong>vetikaekstraktide kompleksi\u00a0AlgaNord 5\u2122\u00a0<\/strong><\/li>\n<li>On ohutu v\u00e4rvitud, sirgendatud ja keemiliselt t\u00f6\u00f6deldud juustele<\/li>\n<li>Ei sisalda sulfaate SLS\/SLES, ftalaate,\u00a0parabeene, alkohole, soola, GMO-sid ega loomseid komponente<\/li>\n<\/ul>\n<p><strong>Suurus:<\/strong> 100 ml<\/p>\n","protected":false},"featured_media":23149,"comment_status":"open","ping_status":"closed","template":"","meta":[],"product_brand":[],"product_cat":[469,392,393,387,615],"product_tag":[81,83,84],"class_list":{"0":"post-12878","1":"product","2":"type-product","3":"status-publish","4":"has-post-thumbnail","6":"product_cat-cpr","7":"product_cat-oils-serums","8":"product_cat-heat-protectors","9":"product_cat-lalga","10":"product_cat-ilulemmikud","11":"product_tag-kohevust-lisav","12":"product_tag-kuumakaitse","13":"product_tag-parandav","15":"first","16":"instock","17":"taxable","18":"shipping-taxable","19":"purchasable","20":"product-type-simple"},"_links":{"self":[{"href":"https:\/\/lieliskimati.lv\/et\/wp-json\/wp\/v2\/product\/12878","targetHints":{"allow":["GET"]}}],"collection":[{"href":"https:\/\/lieliskimati.lv\/et\/wp-json\/wp\/v2\/product"}],"about":[{"href":"https:\/\/lieliskimati.lv\/et\/wp-json\/wp\/v2\/types\/product"}],"replies":[{"embeddable":true,"href":"https:\/\/lieliskimati.lv\/et\/wp-json\/wp\/v2\/comments?post=12878"}],"version-history":[{"count":1,"href":"https:\/\/lieliskimati.lv\/et\/wp-json\/wp\/v2\/product\/12878\/revisions"}],"predecessor-version":[{"id":23152,"href":"https:\/\/lieliskimati.lv\/et\/wp-json\/wp\/v2\/product\/12878\/revisions\/23152"}],"wp:featuredmedia":[{"embeddable":true,"href":"https:\/\/lieliskimati.lv\/et\/wp-json\/wp\/v2\/media\/23149"}],"wp:attachment":[{"href":"https:\/\/lieliskimati.lv\/et\/wp-json\/wp\/v2\/media?parent=12878"}],"wp:term":[{"taxonomy":"product_brand","embeddable":true,"href":"https:\/\/lieliskimati.lv\/et\/wp-json\/wp\/v2\/product_brand?post=12878"},{"taxonomy":"product_cat","embeddable":true,"href":"https:\/\/lieliskimati.lv\/et\/wp-json\/wp\/v2\/product_cat?post=12878"},{"taxonomy":"product_tag","embeddable":true,"href":"https:\/\/lieliskimati.lv\/et\/wp-json\/wp\/v2\/product_tag?post=12878"}],"curies":[{"name":"wp","href":"https:\/\/api.w.org\/{rel}","templated":true}]}}