{"id":12872,"date":"2023-07-11T10:46:56","date_gmt":"2023-07-11T08:46:56","guid":{"rendered":"https:\/\/lieliskimati.lv\/?post_type=product&#038;p=12872"},"modified":"2026-02-16T01:46:02","modified_gmt":"2026-02-15T22:46:02","slug":"cpr-peptide-18-leave-in-mask","status":"publish","type":"product","link":"https:\/\/lieliskimati.lv\/et\/toode\/cpr-peptide-18-leave-in-mask\/","title":{"rendered":"L&#8217;Alga SEAMOLECULAR deep repair PEPTIDE-18 leave-in juuksemask"},"content":{"rendered":"<p><strong>KASUTAMINE<\/strong><\/p>\n<ul>\n<li>Pese juukseid kaks korda \u0161ampooniga ja kuivata r\u00e4tikuga.<\/li>\n<li>\u00c4ra kasuta palsamit.<\/li>\n<li>Jaota <strong>v\u00e4ike <\/strong>(umbes v\u00e4ikese p\u00e4hkli suurune)<strong> kogus<\/strong>\u00a0juuksemaski \u00fchtlaselt juustele.<\/li>\n<li>Oota 3-5 minutit ja seej\u00e4rel j\u00e4tka soengu seadmise ja viimistlemisega.<\/li>\n<li>NB: \u00c4ra pese v\u00e4lja, j\u00e4ta juustesse.<\/li>\n<\/ul>\n<div><\/div>\n<div class=\"text-xs flex items-center justify-center gap-1 absolute left-0 top-2 -ml-4 -translate-x-full group-hover:visible visible\"><strong>CPR Molecular Repair Peptide-18<\/strong> sarja v\u00f5tmes\u00f5na on <strong>peptiidid<\/strong>, mida k\u00f5ik CPR sarja tooted rikkalikult sisaldavad.<\/div>\n<ul>\n<li>Peptiidid\u00a0suurendavad juuste niiskussisaldust ning v\u00e4hendavad seel\u00e4bi juukseotste l\u00f5henemist ja murdumist. T\u00e4nu nende v\u00f5imsatele omadustele saavad juuksed kiiresti tagasi oma tervisliku v\u00e4ljan\u00e4gemise, muutudes tugevamaks, vastupidavamaks ja kaunilt l\u00e4ikivaks.<\/li>\n<li>L\u2019Alga CPR Peptide-18 tooted on rikastatud <strong>vetikaekstraktide kompleksiga AlgaNord 5\u2122<\/strong>, mis v\u00f5imendab toitainete, mineraalide ja vitamiinide j\u00f5udmist peanaha rakkudesse. Mineraalidest, asendamatutest omega rasvhappetest, vitamiinidest ja toitaineterikastest mikroelementidest pakatav L\u2019Alga teaduslikult t\u00f5estatud kompleks AlgaNord 5\u2122 pakub juustele ja peanahale kohest turgutust ning pikaajalist kaitset.<\/li>\n<li>L\u2019Alga CPR Peptide-18 toodetes sisalduv <strong>h\u00fcaluroonhape<\/strong> pakub t\u00f5husat kaitset juustele, hoides neid niisutatuna ja s\u00e4ilitades tervetele juustele omase lipiidide ja proteiinide \u00f5ige tasakaalu. See aitab ennetada juuste kahusust ja lisab juustele vol\u00fc\u00fcmi. H\u00fcaluroonhape on aitab t\u00f5husalt niisutada ka peanaha kuivi ja ketendavaid piirkondi.<\/li>\n<li>L\u2019Alga CPR Peptide-18 toodetes sisalduv <strong>termoaktiivne seesamiproteiin<\/strong>\u00a0tagab juustele pehmuse, tugevuse ja terve v\u00e4limuse. Termoaktiivne seesamiproteiin\u00a0toimib kaitseva barj\u00e4\u00e4rina juuste ja kuumuse vahel, kaitstes juukseid kuivamise ja elutuks muutumise eest.<\/li>\n<li>Iga CPR Peptide-18 toode sisaldab <strong>5-9 spetsiifilist niisutavat komponenti<\/strong>, mis t\u00e4idavad juuste erinevaid vajadusi. Nende toimeainete koosm\u00f5jul suudabki sari saavutada h\u00e4sti niisutatud, kahuvabad ja uskumatult pehmed juuksed sisuliselt esimesel kasutamisel. Mitmed niisutavad komponendid aitavad\u00a0hoiduda juukseotste l\u00f5henemisest ning muudavad juuksed imeliselt libisevaks, nii et juukseid on palju lihtsam kammida, harjata ja stiliseerida.<\/li>\n<\/ul>\n","protected":false},"excerpt":{"rendered":"<p>L\u2019Alga SEARESTORE juustesse j\u00e4etav juuksemask kuulub L\u2019Alga uude revolutsioonilisse tooteperekonda <strong>CPR Intensive Care Peptide-18<\/strong>, mis tagab juustele kohese s\u00fcvaniisutuse, parandab blondeerimiste, v\u00e4rvimiste, keemiliste t\u00f6\u00f6tluste ja kuumt\u00f6\u00f6tlemise tagaj\u00e4rjel tekkinud juuste kahjustused ning taastab juukseid seestpoolt.<\/p>\n<p>See juustesse j\u00e4etav taastav juuksemask tungib s\u00fcgavale juuksefolliikulitesse ja juuksekiududesse, et taastada kahjustused ja muuta juuksed pehmeks ja siidiseks. Maskis sisalduvad peptiidid tugevdavad juukseid, samas kui\u00a0k\u00f5rgelt kontsentreeritud patenteeritud vetikaekstraktide kompleks AlgaNord 5\u2122, tsearamiidid\u00a0(tseramiidid on lipiidide klass, mida leidub suurtes kogustes epidermise \u00fclemises kihis ja mis m\u00e4ngivad olulist rolli naha niiskuse s\u00e4ilitamisel. Juuksehooldustoodetes aitavad tseramiidid parandada juuste niiskuse s\u00e4ilimist ja struktuuri) ja taimne keratiin kiirendavad juuste taastumist ja annavad loomulikku l\u00e4iget.<\/p>\n<p>Juustesse j\u00e4etav juuksemask on suur ajav\u00f5it kiire elutempo juures, sest vahele j\u00e4\u00e4b \u00fcks juuksehooldusrutiini aegan\u00f5udev etapp! Lisaks sellele annab see juuksemask rikkalikult t\u00e4idlust ja kohevust juustele, sobides eriti h\u00e4sti \u00f5hemate-peene struktuuriga juustele.<\/p>\n<ul>\n<li>Taastab juuste tugevuse, niiskustaseme ja pehmuse<\/li>\n<li>Sisaldab kollageeni tootmist stimuleerivaid <strong>peptiide<\/strong><\/li>\n<li>Sisaldab <strong>tseramiide<\/strong><\/li>\n<li>Sisaldab<strong> taimset keratiini<\/strong><\/li>\n<li>Sisaldab teaduslikult t\u00f5estatud <strong>vetikaekstraktide kompleksi\u00a0AlgaNord 5\u2122\u00a0<\/strong><\/li>\n<li>Sobib k\u00f5ikidele juukset\u00fc\u00fcpidele<\/li>\n<li>On ohutu v\u00e4rvitud, sirgendatud ja keemiliselt t\u00f6\u00f6deldud juustele<\/li>\n<li>Ei sisalda sulfaate SLS\/SLES, ftalaate,\u00a0parabeene, soola, GMO-sid ega loomseid komponente<\/li>\n<\/ul>\n<p><strong>Suurus:<\/strong>\u00a0100ml<\/p>\n","protected":false},"featured_media":23158,"comment_status":"open","ping_status":"closed","template":"","meta":[],"product_brand":[],"product_cat":[469,391,387,615],"product_tag":[80,81,77,84],"class_list":{"0":"post-12872","1":"product","2":"type-product","3":"status-publish","4":"has-post-thumbnail","6":"product_cat-cpr","7":"product_cat-hair-masks","8":"product_cat-lalga","9":"product_cat-ilulemmikud","10":"product_tag-kahusust-vahendav","11":"product_tag-kohevust-lisav","12":"product_tag-niisutav","13":"product_tag-parandav","15":"first","16":"instock","17":"featured","18":"taxable","19":"shipping-taxable","20":"purchasable","21":"product-type-variable","22":"has-default-attributes"},"_links":{"self":[{"href":"https:\/\/lieliskimati.lv\/et\/wp-json\/wp\/v2\/product\/12872","targetHints":{"allow":["GET"]}}],"collection":[{"href":"https:\/\/lieliskimati.lv\/et\/wp-json\/wp\/v2\/product"}],"about":[{"href":"https:\/\/lieliskimati.lv\/et\/wp-json\/wp\/v2\/types\/product"}],"replies":[{"embeddable":true,"href":"https:\/\/lieliskimati.lv\/et\/wp-json\/wp\/v2\/comments?post=12872"}],"version-history":[{"count":2,"href":"https:\/\/lieliskimati.lv\/et\/wp-json\/wp\/v2\/product\/12872\/revisions"}],"predecessor-version":[{"id":23180,"href":"https:\/\/lieliskimati.lv\/et\/wp-json\/wp\/v2\/product\/12872\/revisions\/23180"}],"wp:featuredmedia":[{"embeddable":true,"href":"https:\/\/lieliskimati.lv\/et\/wp-json\/wp\/v2\/media\/23158"}],"wp:attachment":[{"href":"https:\/\/lieliskimati.lv\/et\/wp-json\/wp\/v2\/media?parent=12872"}],"wp:term":[{"taxonomy":"product_brand","embeddable":true,"href":"https:\/\/lieliskimati.lv\/et\/wp-json\/wp\/v2\/product_brand?post=12872"},{"taxonomy":"product_cat","embeddable":true,"href":"https:\/\/lieliskimati.lv\/et\/wp-json\/wp\/v2\/product_cat?post=12872"},{"taxonomy":"product_tag","embeddable":true,"href":"https:\/\/lieliskimati.lv\/et\/wp-json\/wp\/v2\/product_tag?post=12872"}],"curies":[{"name":"wp","href":"https:\/\/api.w.org\/{rel}","templated":true}]}}