{"id":12866,"date":"2023-07-11T10:35:39","date_gmt":"2023-07-11T08:35:39","guid":{"rendered":"https:\/\/lieliskimati.lv\/?post_type=product&#038;p=12866"},"modified":"2026-03-31T14:27:31","modified_gmt":"2026-03-31T11:27:31","slug":"cpr-peptide-18-shampoo-fine-hair","status":"publish","type":"product","link":"https:\/\/lieliskimati.lv\/et\/toode\/cpr-peptide-18-shampoo-fine-hair\/","title":{"rendered":"L\u2019Alga SEAHYDRATE Peptide-18 \u0161ampoon \u00f5hukestele juustele"},"content":{"rendered":"<div><strong>KASUTAMINE<\/strong><\/div>\n<div class=\"page\" title=\"Page 2\">\n<div class=\"section\">\n<div class=\"layoutArea\">\n<div class=\"column\">\n<ul>\n<li>Masseeri m\u00e4rgadele juustele keskendudes peanahale<\/li>\n<li>Lase \u0161ampoonil 1-2 minutit m\u00f5juda ning loputa seej\u00e4rel v\u00e4lja<\/li>\n<\/ul>\n<p>&nbsp;<\/p>\n<p><strong>CPR Molecular Repair Peptide-18<\/strong>\u00a0sarja v\u00f5tmes\u00f5na on <strong>peptiidid<\/strong>, mida k\u00f5ik CPR sarja tooted rikkalikult sisaldavad.<\/p>\n<\/div>\n<\/div>\n<\/div>\n<\/div>\n<div class=\"w-[30px] flex flex-col relative items-end\">\n<ul>\n<li>Peptiidid\u00a0suurendavad juuste niiskussisaldust ning v\u00e4hendavad seel\u00e4bi juukseotste l\u00f5henemist ja murdumist. T\u00e4nu nende v\u00f5imsatele omadustele saavad juuksed kiiresti tagasi oma tervisliku v\u00e4ljan\u00e4gemise, muutudes tugevamaks, vastupidavamaks ja kaunilt l\u00e4ikivaks.<\/li>\n<li>L\u2019Alga CPR Peptide-18 tooted on rikastatud <strong>vetikaekstraktide kompleksiga AlgaNord 5\u2122<\/strong>, mis v\u00f5imendab toitainete, mineraalide ja vitamiinide j\u00f5udmist peanaha rakkudesse. Mineraalidest, asendamatutest omega rasvhappetest, vitamiinidest ja toitaineterikastest mikroelementidest pakatav L\u2019Alga teaduslikult t\u00f5estatud kompleks AlgaNord 5\u2122 pakub juustele ja peanahale kohest turgutust ning pikaajalist kaitset.<\/li>\n<li>L\u2019Alga CPR Peptide-18 toodetes sisalduv <strong>h\u00fcaluroonhape<\/strong> pakub t\u00f5husat kaitset juustele, hoides neid niisutatuna ja s\u00e4ilitades tervetele juustele omase lipiidide ja proteiinide \u00f5ige tasakaalu. See aitab ennetada juuste kahusust ja lisab juustele vol\u00fc\u00fcmi. H\u00fcaluroonhape on aitab t\u00f5husalt niisutada ka peanaha kuivi ja ketendavaid piirkondi.<\/li>\n<li>L\u2019Alga CPR Peptide-18 toodetes sisalduv <strong>termoaktiivne seesamiproteiin<\/strong>\u00a0tagab juustele pehmuse, tugevuse ja terve v\u00e4limuse. Termoaktiivne seesamiproteiin\u00a0toimib kaitseva barj\u00e4\u00e4rina juuste ja kuumuse vahel, kaitstes juukseid kuivamise ja elutuks muutumise eest.<\/li>\n<li>Iga CPR Peptide-18 toode sisaldab <strong>5-9 spetsiifilist niisutavat komponenti<\/strong>, mis t\u00e4idavad juuste erinevaid vajadusi. Nende toimeainete koosm\u00f5jul suudabki sari saavutada h\u00e4sti niisutatud, kahuvabad ja uskumatult pehmed juuksed sisuliselt esimesel kasutamisel. Mitmed niisutavad komponendid aitavad\u00a0hoiduda juukseotste l\u00f5henemisest ning muudavad juuksed imeliselt libisevaks, nii et juukseid on palju lihtsam kammida, harjata ja stiliseerida.<\/li>\n<\/ul>\n<\/div>\n","protected":false},"excerpt":{"rendered":"<p>L\u2019Alga SEAHYDRATE kerge \u0161ampoon kuulub L&#8217;Alga uude revolutsioonilisse tooteperekonda <strong>CPR Intensive Care Peptide-18<\/strong>, mis tagab juustele kohese s\u00fcvaniisutuse, parandab tekkinud juuste kahjustused ning taastab juukseid seestpoolt.<\/p>\n<p>See \u0161ampoon on m\u00f5eldud <strong>spetsiaalselt \u00f5hukestele ja\/v\u00f5i peene struktuuriga juustele<\/strong> ning on kergema koostisega, ehk ei suru \u00f5hukesi juukseid peadligi ega muuda neid raskeks.\u00a0\u0160ampooni teeb eriliseks selle unikaalne koostis, mis sisaldab k\u00f5rgelt kontsentreeritud vetikaekstraktide kompleksi\u00a0AlgaNord 5\u2122, kollageeni tootmist stimuleerivaid peptiidide, niiskust siduvat h\u00fcaluroonhapet, termoaktiivset seesamiproteiini ning 5 erinevat niisutavat komponenti.<\/p>\n<p>\u0160ampoon eemaldab \u00f5rnalt kuid t\u00f5husalt peanahale kogunenud mustuse ja rasu, v\u00f5imaldades peanahal efektiivsemalt juukseid toitainetega varustada. Unikaalne koostis tagab kiired tulemused, et saaksid\u00a0nautida <strong>koheselt tugevamaid, pehmemaid, siledamaid ja tervema v\u00e4limusega juukseid<\/strong>.<\/p>\n<ul>\n<li>Sobib \u00f5hematele\/peene struktuuriga ja\/v\u00f5i heas korras juustele<\/li>\n<li>Taastab koheselt juuste tugevuse, niiskustaseme ja pehmuse<\/li>\n<li>Sisaldab kollageeni tootmist stimuleerivaid <strong>peptiide<\/strong><\/li>\n<li>Sisaldab niiskust siduvat <strong>h\u00fcaluroonhapet<\/strong><\/li>\n<li>Sisaldab <strong>termoaktiivset seesamivalku<\/strong><\/li>\n<li>Sisaldab <strong>7 erinevat intensiivselt niisutavat komponenti<\/strong><\/li>\n<li>Sisaldab teaduslikult t\u00f5estatud <strong>vetikaekstraktide kompleksi\u00a0AlgaNord 5\u2122\u00a0<\/strong><\/li>\n<li>On ohutu v\u00e4rvitud, sirgendatud ja keemiliselt t\u00f6\u00f6deldud juustele<\/li>\n<li>Ei sisalda sulfaate SLS\/SLES, ftalaate,\u00a0parabeene, soola, GMO-sid ega loomseid komponente<\/li>\n<\/ul>\n<p><strong>Suurus:<\/strong> 200ml<\/p>\n","protected":false},"featured_media":23148,"comment_status":"open","ping_status":"closed","template":"","meta":[],"product_brand":[],"product_cat":[469,387,389,615],"product_tag":[81,77,84],"class_list":{"0":"post-12866","1":"product","2":"type-product","3":"status-publish","4":"has-post-thumbnail","6":"product_cat-cpr","7":"product_cat-lalga","8":"product_cat-shampoos","9":"product_cat-ilulemmikud","10":"product_tag-kohevust-lisav","11":"product_tag-niisutav","12":"product_tag-parandav","14":"first","15":"outofstock","16":"taxable","17":"shipping-taxable","18":"purchasable","19":"product-type-simple"},"_links":{"self":[{"href":"https:\/\/lieliskimati.lv\/et\/wp-json\/wp\/v2\/product\/12866","targetHints":{"allow":["GET"]}}],"collection":[{"href":"https:\/\/lieliskimati.lv\/et\/wp-json\/wp\/v2\/product"}],"about":[{"href":"https:\/\/lieliskimati.lv\/et\/wp-json\/wp\/v2\/types\/product"}],"replies":[{"embeddable":true,"href":"https:\/\/lieliskimati.lv\/et\/wp-json\/wp\/v2\/comments?post=12866"}],"version-history":[{"count":1,"href":"https:\/\/lieliskimati.lv\/et\/wp-json\/wp\/v2\/product\/12866\/revisions"}],"predecessor-version":[{"id":22307,"href":"https:\/\/lieliskimati.lv\/et\/wp-json\/wp\/v2\/product\/12866\/revisions\/22307"}],"wp:featuredmedia":[{"embeddable":true,"href":"https:\/\/lieliskimati.lv\/et\/wp-json\/wp\/v2\/media\/23148"}],"wp:attachment":[{"href":"https:\/\/lieliskimati.lv\/et\/wp-json\/wp\/v2\/media?parent=12866"}],"wp:term":[{"taxonomy":"product_brand","embeddable":true,"href":"https:\/\/lieliskimati.lv\/et\/wp-json\/wp\/v2\/product_brand?post=12866"},{"taxonomy":"product_cat","embeddable":true,"href":"https:\/\/lieliskimati.lv\/et\/wp-json\/wp\/v2\/product_cat?post=12866"},{"taxonomy":"product_tag","embeddable":true,"href":"https:\/\/lieliskimati.lv\/et\/wp-json\/wp\/v2\/product_tag?post=12866"}],"curies":[{"name":"wp","href":"https:\/\/api.w.org\/{rel}","templated":true}]}}