{"id":12852,"date":"2023-07-11T10:25:08","date_gmt":"2023-07-11T08:25:08","guid":{"rendered":"https:\/\/lieliskimati.lv\/?post_type=product&#038;p=12852"},"modified":"2026-04-07T11:20:16","modified_gmt":"2026-04-07T08:20:16","slug":"cpr-peptide-18-mask","status":"publish","type":"product","link":"https:\/\/lieliskimati.lv\/et\/toode\/cpr-peptide-18-mask\/","title":{"rendered":"L&#8217;Alga SEARESTORE PEPTIDE-18 juuksemask"},"content":{"rendered":"<p><strong>KASUTAMINE<\/strong><\/p>\n<ul>\n<li>P\u00e4rast \u0161ampooniga pesemist kanna m\u00e4rgadele juustele ja jaota kammiga jaota juuste kogupikkustesse ning otstesse.<\/li>\n<li>J\u00e4ta juuksemask 3-5 minutiks juustesse m\u00f5juma ning loputa seej\u00e4rel hoolikalt veega.<\/li>\n<\/ul>\n<div><\/div>\n<div class=\"text-xs flex items-center justify-center gap-1 absolute left-0 top-2 -ml-4 -translate-x-full group-hover:visible visible\"><strong>CPR Molecular Repair Peptide-18<\/strong> sarja v\u00f5tmes\u00f5na on <strong>peptiidid<\/strong>, mida k\u00f5ik CPR sarja tooted rikkalikult sisaldavad.<\/div>\n<ul>\n<li>Peptiidid\u00a0suurendavad juuste niiskussisaldust ning v\u00e4hendavad seel\u00e4bi juukseotste l\u00f5henemist ja murdumist. T\u00e4nu nende v\u00f5imsatele omadustele saavad juuksed kiiresti tagasi oma tervisliku v\u00e4ljan\u00e4gemise, muutudes tugevamaks, vastupidavamaks ja kaunilt l\u00e4ikivaks.<\/li>\n<li>L\u2019Alga CPR Peptide-18 tooted on rikastatud <strong>vetikaekstraktide kompleksiga AlgaNord 5\u2122<\/strong>, mis v\u00f5imendab toitainete, mineraalide ja vitamiinide j\u00f5udmist peanaha rakkudesse. Mineraalidest, asendamatutest omega rasvhappetest, vitamiinidest ja toitaineterikastest mikroelementidest pakatav L\u2019Alga teaduslikult t\u00f5estatud kompleks AlgaNord 5\u2122 pakub juustele ja peanahale kohest turgutust ning pikaajalist kaitset.<\/li>\n<li>L\u2019Alga CPR Peptide-18 toodetes sisalduv <strong>h\u00fcaluroonhape<\/strong> pakub t\u00f5husat kaitset juustele, hoides neid niisutatuna ja s\u00e4ilitades tervetele juustele omase lipiidide ja proteiinide \u00f5ige tasakaalu. See aitab ennetada juuste kahusust ja lisab juustele vol\u00fc\u00fcmi. H\u00fcaluroonhape on aitab t\u00f5husalt niisutada ka peanaha kuivi ja ketendavaid piirkondi.<\/li>\n<li>L\u2019Alga CPR Peptide-18 toodetes sisalduv <strong>termoaktiivne seesamiproteiin<\/strong>\u00a0tagab juustele pehmuse, tugevuse ja terve v\u00e4limuse. Termoaktiivne seesamiproteiin\u00a0toimib kaitseva barj\u00e4\u00e4rina juuste ja kuumuse vahel, kaitstes juukseid kuivamise ja elutuks muutumise eest.<\/li>\n<li>Iga CPR Peptide-18 toode sisaldab <strong>5-9 spetsiifilist niisutavat komponenti<\/strong>, mis t\u00e4idavad juuste erinevaid vajadusi. Nende toimeainete koosm\u00f5jul suudabki sari saavutada h\u00e4sti niisutatud, kahuvabad ja uskumatult pehmed juuksed sisuliselt esimesel kasutamisel. Mitmed niisutavad komponendid aitavad\u00a0hoiduda juukseotste l\u00f5henemisest ning muudavad juuksed imeliselt libisevaks, nii et juukseid on palju lihtsam kammida, harjata ja stiliseerida.<\/li>\n<\/ul>\n","protected":false},"excerpt":{"rendered":"<p>L\u2019Alga SEARESTORE raviv juuksemask kuulub L\u2019Alga uude revolutsioonilisse tooteperekonda <strong>CPR Intensive Care Peptide-18<\/strong>, mis tagab juustele kohese s\u00fcvaniisutuse, parandab blondeerimiste, v\u00e4rvimiste, keemiliste t\u00f6\u00f6tluste ja kuumt\u00f6\u00f6tlemise tagaj\u00e4rjel tekkinud juuste kahjustused ning taastab juukseid seestpoolt.<\/p>\n<p>See raviv juuksemask on <strong>v\u00e4lja t\u00f6\u00f6tatud \u00e4\u00e4rmiselt kahjustatud, kahustele ja habrastele juustele<\/strong>. Juuksemaski teeb eriliseks selle unikaalne koostis, mis sisaldab k\u00f5rgelt kontsentreeritud vetikaekstraktide kompleksi\u00a0AlgaNord 5\u2122, kollageeni tootmist stimuleerivaid peptiidide, niiskust siduvat h\u00fcaluroonhappet, termoaktiivset seesamivalku ning 9 intensiivselt niisutavat komponenti, mis k\u00f5ik niisutavad juukseid intensiivselt ning taastavad nende tugevuse.<\/p>\n<p>SEARESTORE juuksemaski unikaalne koostis on v\u00e4lja t\u00f6\u00f6tatud koheste tulemuste saavutamiseks ning pikaajaliseks hoidmiseks. Ikka selleks, et saaksid <strong>koheselt<\/strong> nautida <strong>tugevamaid, pehmemaid ja siledamaid juukseid.<\/strong><\/p>\n<ul>\n<li>Sobib keskmise paksusega\/paksudele ja\/v\u00f5i v\u00e4ga kehvas seisukorras kahjustatud-kuivadele juustele<\/li>\n<li>Taastab silmapilkselt juuste tugevuse, niiskustaseme ja pehmuse<\/li>\n<li>Sisaldab kollageeni tootmist stimuleerivaid <strong>peptiide<\/strong><\/li>\n<li>Sisaldab niiskust siduvat <strong>h\u00fcaluroonhapet<\/strong><\/li>\n<li>Sisaldab <strong>termoaktiivset seesamivalku<\/strong><\/li>\n<li>Sisaldab <strong>9 erinevat intensiivselt niisutavat komponenti<\/strong><\/li>\n<li>Sisaldab teaduslikult t\u00f5estatud <strong>vetikaekstraktide kompleksi\u00a0AlgaNord 5\u2122\u00a0<\/strong><\/li>\n<li>On ohutu v\u00e4rvitud, sirgendatud ja keemiliselt t\u00f6\u00f6deldud juustele<\/li>\n<li>Ei sisalda sulfaate SLS\/SLES, ftalaate,\u00a0parabeene, soola, GMO-sid ega loomseid komponente<\/li>\n<\/ul>\n<p><strong>Suurus:<\/strong> 200ml<\/p>\n","protected":false},"featured_media":12853,"comment_status":"open","ping_status":"closed","template":"","meta":[],"product_brand":[],"product_cat":[469,391,387],"product_tag":[80,77,84],"class_list":{"0":"post-12852","1":"product","2":"type-product","3":"status-publish","4":"has-post-thumbnail","6":"product_cat-cpr","7":"product_cat-hair-masks","8":"product_cat-lalga","9":"product_tag-kahusust-vahendav","10":"product_tag-niisutav","11":"product_tag-parandav","13":"first","14":"instock","15":"taxable","16":"shipping-taxable","17":"purchasable","18":"product-type-simple"},"_links":{"self":[{"href":"https:\/\/lieliskimati.lv\/et\/wp-json\/wp\/v2\/product\/12852","targetHints":{"allow":["GET"]}}],"collection":[{"href":"https:\/\/lieliskimati.lv\/et\/wp-json\/wp\/v2\/product"}],"about":[{"href":"https:\/\/lieliskimati.lv\/et\/wp-json\/wp\/v2\/types\/product"}],"replies":[{"embeddable":true,"href":"https:\/\/lieliskimati.lv\/et\/wp-json\/wp\/v2\/comments?post=12852"}],"version-history":[{"count":1,"href":"https:\/\/lieliskimati.lv\/et\/wp-json\/wp\/v2\/product\/12852\/revisions"}],"predecessor-version":[{"id":23861,"href":"https:\/\/lieliskimati.lv\/et\/wp-json\/wp\/v2\/product\/12852\/revisions\/23861"}],"wp:featuredmedia":[{"embeddable":true,"href":"https:\/\/lieliskimati.lv\/et\/wp-json\/wp\/v2\/media\/12853"}],"wp:attachment":[{"href":"https:\/\/lieliskimati.lv\/et\/wp-json\/wp\/v2\/media?parent=12852"}],"wp:term":[{"taxonomy":"product_brand","embeddable":true,"href":"https:\/\/lieliskimati.lv\/et\/wp-json\/wp\/v2\/product_brand?post=12852"},{"taxonomy":"product_cat","embeddable":true,"href":"https:\/\/lieliskimati.lv\/et\/wp-json\/wp\/v2\/product_cat?post=12852"},{"taxonomy":"product_tag","embeddable":true,"href":"https:\/\/lieliskimati.lv\/et\/wp-json\/wp\/v2\/product_tag?post=12852"}],"curies":[{"name":"wp","href":"https:\/\/api.w.org\/{rel}","templated":true}]}}