{"id":12317,"date":"2023-05-05T14:00:51","date_gmt":"2023-05-05T12:00:51","guid":{"rendered":"https:\/\/lieliskimati.lv\/?post_type=product&#038;p=12317"},"modified":"2025-11-07T15:50:42","modified_gmt":"2025-11-07T12:50:42","slug":"kamm","status":"publish","type":"product","link":"https:\/\/lieliskimati.lv\/et\/toode\/kamm\/","title":{"rendered":"LAIADE PIIDEGA KAMM L\u2019ALGA"},"content":{"rendered":"","protected":false},"excerpt":{"rendered":"<p>L\u2019Alga kvaliteetne laiade piidega kamm, mis aitab juukseid hooldada \u00f5rnalt, ilma\u00a0takerdumiste v\u00f5i kahjustusteta.<br \/>\nKammi piide vahed on optimaalselt laiad, mis aitab hoiduda juuste kiskumisest ning k\u00e4sitleb juukseid \u00fchtmoodi \u00f5rnalt nii kuivalt kui ka m\u00e4rjalt.<\/p>\n","protected":false},"featured_media":12318,"comment_status":"open","ping_status":"closed","template":"","meta":[],"product_brand":[],"product_cat":[387,53,521,394],"product_tag":[],"class_list":{"0":"post-12317","1":"product","2":"type-product","3":"status-publish","4":"has-post-thumbnail","6":"product_cat-lalga","7":"product_cat-seahair","8":"product_cat-tarvikud","9":"product_cat-styling","11":"first","12":"instock","13":"taxable","14":"shipping-taxable","15":"purchasable","16":"product-type-simple"},"_links":{"self":[{"href":"https:\/\/lieliskimati.lv\/et\/wp-json\/wp\/v2\/product\/12317","targetHints":{"allow":["GET"]}}],"collection":[{"href":"https:\/\/lieliskimati.lv\/et\/wp-json\/wp\/v2\/product"}],"about":[{"href":"https:\/\/lieliskimati.lv\/et\/wp-json\/wp\/v2\/types\/product"}],"replies":[{"embeddable":true,"href":"https:\/\/lieliskimati.lv\/et\/wp-json\/wp\/v2\/comments?post=12317"}],"version-history":[{"count":0,"href":"https:\/\/lieliskimati.lv\/et\/wp-json\/wp\/v2\/product\/12317\/revisions"}],"wp:featuredmedia":[{"embeddable":true,"href":"https:\/\/lieliskimati.lv\/et\/wp-json\/wp\/v2\/media\/12318"}],"wp:attachment":[{"href":"https:\/\/lieliskimati.lv\/et\/wp-json\/wp\/v2\/media?parent=12317"}],"wp:term":[{"taxonomy":"product_brand","embeddable":true,"href":"https:\/\/lieliskimati.lv\/et\/wp-json\/wp\/v2\/product_brand?post=12317"},{"taxonomy":"product_cat","embeddable":true,"href":"https:\/\/lieliskimati.lv\/et\/wp-json\/wp\/v2\/product_cat?post=12317"},{"taxonomy":"product_tag","embeddable":true,"href":"https:\/\/lieliskimati.lv\/et\/wp-json\/wp\/v2\/product_tag?post=12317"}],"curies":[{"name":"wp","href":"https:\/\/api.w.org\/{rel}","templated":true}]}}