{"id":11617,"date":"2023-01-04T15:46:01","date_gmt":"2023-01-04T13:46:01","guid":{"rendered":"https:\/\/lieliskimati.lv\/?post_type=product&#038;p=11617"},"modified":"2026-05-12T19:35:46","modified_gmt":"2026-05-12T16:35:46","slug":"biacre-curl-maker","status":"publish","type":"product","link":"https:\/\/lieliskimati.lv\/et\/toode\/biacre-curl-maker\/","title":{"rendered":"Biacr\u00e8 CURL MAKER lokisoengute spray"},"content":{"rendered":"<p><strong>Orgaaniline granaat\u00f5unaekstrakt <\/strong>\u2013 toitainerikas antioks\u00fcdant, sisaldab rikkalikult vitamiine B1, B2, B6, mineraalsoolasid ja f\u00fctosteroole, mis aitavad kaasa kollageeni tootmisele rakkudes. Graanat\u00f5unaekstrakti toitvad ja niisutavad omadused m\u00f5juvad eriti h\u00e4sti kahustele, rabedatele ja katkiste otstega juustele.<\/p>\n<p><strong>Orgaaniline aaloe ekstrakt<\/strong> \u2013 aaloe on mitmek\u00fclgne taim, millel on v\u00e4ga kasulikud omadused naha ja juuste jaoks: vananemisvastased, antibakteriaalsed, niisutavad, s\u00e4ra andvad. See niisutab juukseid s\u00fcgavuti ning muudab seel\u00e4bi juuksed tugevamaks ja l\u00e4ikivamaks.<\/p>\n<p><strong>Orgaaniline magusmandli \u00f5li<\/strong> \u2013 on ideaalne kahjustatud ja rabedate juuste seisukorra parandamiseks. Sisaldab rikkalikult rasvhappeid ja vitamiine A, B1, B2, B6, D ja E. Vitamiin A aitab hoida juuste tervist, vitamiinid B1 ja B6 toetavad juuste kasvu ning vitamiin E on rikkalik antioks\u00fcdantide poolest, mis ergutab peanaha mikrovereringet, et toetada omakorda tervete juuste kasvamist. Kasulikud rasvhapped tungivad s\u00fcgavale juuksekiusse, niisutades ja toetades juuksekarva seestpidiselt.<\/p>\n<p><strong>Orgaaniline kaeraekstrakt<\/strong> &#8211; selles v\u00e4\u00e4rtuslikus teraviljas sisalduvad ained on toitvate ja tomiseerivate omadustega, mis aitavad hoiduda kuivusest ja rabedusest ning annavad juustele vormi, pehmust ja s\u00e4ra.<\/p>\n<p><strong>Kasutamine:<\/strong><\/p>\n<ul>\n<li>Kasutage peale juuste pesemist niisketel, puhastel juustel.<\/li>\n<li>Piserdage \u00fchtlaselt juuste kogupikkusesse, jagage juuksed sektsioonideks ning j\u00e4tkake kuumt\u00f6\u00f6tlemisega\/stliseerimisega.<\/li>\n<\/ul>\n","protected":false},"excerpt":{"rendered":"<p>Spray <strong>kaunite ja p\u00fcsivate lokisoengute tegemiseks<\/strong>. Spray elustab loomulike lokkide kuju ning pikendab sirgetesse juustesse tehtud lokkide\/lainete p\u00fcsimist juustes. Lokispray annab juustele struktuuri, hooldab ning r\u00f5hutab lokkide loomulikku kuju t\u00e4nu oma koostises sisalduvatele orgaanilistele granaat\u00f5unaekstraktidele, aaloeekstraktidele, kaeraekstraktidele ning magusmandli\u00f5lile. Tulemuseks elastsed, v\u00e4ga loomulikud ja kauni kujuga lokid. Ei muuda juukseid raskeks.<\/p>\n<ul>\n<li>Aitab lokkidel ja lainetel juustes kauem p\u00fcsida<\/li>\n<li>Sisaldab orgaanilist granaat\u00f5unaekstrakti, mis on toitainerikas antioks\u00fcdant ja mille toitvad omadused m\u00f5juvad eriti h\u00e4sti\u00a0<strong>kahustele juustele<\/strong><\/li>\n<li>Sisaldab orgaanilist aaloe ekstrakti, mis\u00a0<strong>niisutab juukseid s\u00fcgavuti<\/strong><\/li>\n<li>Sisaldab orgaanilist magusmandlite \u00f5li, mille\u00a0<strong>kasulikud rasvhapped<\/strong>\u00a0parandavad kahjustatud ja rabedate juuste seisukorda<\/li>\n<li>Sisaldab orgaanilist kaeraekstrakti, mis\u00a0<strong>toidab ja toniseerib<\/strong><\/li>\n<li>Defineerib lokkide\/laines juuste kuju ja suurendab elastsust<\/li>\n<li>Aitab v\u00e4hendada kahusust lokkis juustes<\/li>\n<li>pH 5.0 \u2013 5.5<\/li>\n<\/ul>\n<p><strong>Ei sisalda:<\/strong> parabeene, v\u00e4rvaineid.<br \/>\nDermatoloogiliselt ja nikkel testitud, sisaldab orgaaniliselt sertifitseeritud komponente.<\/p>\n<p>&nbsp;<\/p>\n","protected":false},"featured_media":11655,"comment_status":"open","ping_status":"closed","template":"","meta":[],"product_brand":[],"product_cat":[388,448,357,394],"product_tag":[80,439],"class_list":{"0":"post-11617","1":"product","2":"type-product","3":"status-publish","4":"has-post-thumbnail","6":"product_cat-biacre","7":"product_cat-biacre-curls","8":"product_cat-biacre-styling","9":"product_cat-styling","10":"product_tag-kahusust-vahendav","11":"product_tag-for-curls","13":"first","14":"instock","15":"taxable","16":"shipping-taxable","17":"purchasable","18":"product-type-simple"},"_links":{"self":[{"href":"https:\/\/lieliskimati.lv\/et\/wp-json\/wp\/v2\/product\/11617","targetHints":{"allow":["GET"]}}],"collection":[{"href":"https:\/\/lieliskimati.lv\/et\/wp-json\/wp\/v2\/product"}],"about":[{"href":"https:\/\/lieliskimati.lv\/et\/wp-json\/wp\/v2\/types\/product"}],"replies":[{"embeddable":true,"href":"https:\/\/lieliskimati.lv\/et\/wp-json\/wp\/v2\/comments?post=11617"}],"version-history":[{"count":1,"href":"https:\/\/lieliskimati.lv\/et\/wp-json\/wp\/v2\/product\/11617\/revisions"}],"predecessor-version":[{"id":22484,"href":"https:\/\/lieliskimati.lv\/et\/wp-json\/wp\/v2\/product\/11617\/revisions\/22484"}],"wp:featuredmedia":[{"embeddable":true,"href":"https:\/\/lieliskimati.lv\/et\/wp-json\/wp\/v2\/media\/11655"}],"wp:attachment":[{"href":"https:\/\/lieliskimati.lv\/et\/wp-json\/wp\/v2\/media?parent=11617"}],"wp:term":[{"taxonomy":"product_brand","embeddable":true,"href":"https:\/\/lieliskimati.lv\/et\/wp-json\/wp\/v2\/product_brand?post=11617"},{"taxonomy":"product_cat","embeddable":true,"href":"https:\/\/lieliskimati.lv\/et\/wp-json\/wp\/v2\/product_cat?post=11617"},{"taxonomy":"product_tag","embeddable":true,"href":"https:\/\/lieliskimati.lv\/et\/wp-json\/wp\/v2\/product_tag?post=11617"}],"curies":[{"name":"wp","href":"https:\/\/api.w.org\/{rel}","templated":true}]}}