{"id":11612,"date":"2023-01-04T15:46:00","date_gmt":"2023-01-04T13:46:00","guid":{"rendered":"https:\/\/lieliskimati.lv\/?post_type=product&#038;p=11612"},"modified":"2025-09-15T20:31:55","modified_gmt":"2025-09-15T17:31:55","slug":"biacre-lokisoengute-emulsioon","status":"publish","type":"product","link":"https:\/\/lieliskimati.lv\/et\/toode\/biacre-lokisoengute-emulsioon\/","title":{"rendered":"Biacr\u00e8 Curl elastic fluid"},"content":{"rendered":"<p><strong>Orgaaniline granaat\u00f5unaekstrakt <\/strong>\u2013 toitainerikas antioks\u00fcdant, sisaldab rikkalikult vitamiine B1, B2, B6, mineraalsoolasid ja f\u00fctosteroole, mis aitavad kaasa kollageeni tootmisele rakkudes. Graanat\u00f5unaekstrakti toitvad ja niisutavad omadused m\u00f5juvad eriti h\u00e4sti kahustele, rabedatele ja katkiste otstega juustele.<\/p>\n<p><strong>Orgaaniline aaloe ekstrakt<\/strong> \u2013 aaloe on mitmek\u00fclgne taim, millel on v\u00e4ga kasulikud omadused naha ja juuste jaoks: vananemisvastased, antibakteriaalsed, niisutavad, s\u00e4ra andvad. See niisutab juukseid s\u00fcgavuti ning muudab seel\u00e4bi juuksed tugevamaks ja l\u00e4ikivamaks.<\/p>\n<p><strong>Orgaaniline kaeraekstrakt<\/strong> &#8211; selles v\u00e4\u00e4rtuslikus teraviljas sisalduvad ained on toitvate ja tomiseerivate omadustega, mis aitavad hoiduda kuivusest ja rabedusest ning annavad juustele vormi, pehmust ja s\u00e4ra.<\/p>\n<p><strong>Kasutamine:\u00a0<\/strong><\/p>\n<ul>\n<li>Kanna r\u00e4tikukuivadele juustele peale juuste pesemist.<\/li>\n<li>Modelleeri lokid\/lained (nt. juuksed patsi vms) ja seej\u00e4rel kuivata v\u00f5i<\/li>\n<li>Kasuta rullf\u00f6\u00f6ni lokisoengu modelleerimiseks.<\/li>\n<\/ul>\n","protected":false},"excerpt":{"rendered":"<p>H\u00e4davajalik ja asendamatu emulsioon\/fluid <strong>lokisoengute<\/strong> ja\/v\u00f5i laines soengute tegemiseks ja <strong>pikema p\u00fcsivuse tagamiseks<\/strong>. Annab lainetele ja lokkidele kauni, samas loomuliku elastse kuju. Emulsioon on rikastatud orgaanilise granaat\u00f5unaekstrakti, orgaanilise aaloe ja orgaanilise kaeraekstraktiga ning hoolitseb \u00f5rnalt Su juuste eest &#8211; aitab v\u00e4hendada juuste kahusust, kaitseb juuksekiudu ning lisab samaaegselt juustele kauni l\u00e4ike. Ei muuda juukseid raskeks.<\/p>\n<ul>\n<li>Sisaldab orgaanilist granaat\u00f5unaekstrakti, mis on toitainerikas antioks\u00fcdant ja mille toitvad omadused m\u00f5juvad eriti h\u00e4sti\u00a0<strong>kahustele juustele<\/strong><\/li>\n<li>Sisaldab orgaanilist aaloe ekstrakti, mis\u00a0<strong>niisutab juukseid s\u00fcgavuti<\/strong><\/li>\n<li>Sisaldab orgaanilist kaeraekstrakti, mis\u00a0<strong>toidab ja toniseerib<\/strong><\/li>\n<li>Pikendab lokkide ja\/v\u00f5i lainete p\u00fcsimist juustes<\/li>\n<li>Aitab v\u00e4hendada kahusust lokkis juustes<\/li>\n<li>pH 5.0 \u2013 5.5<\/li>\n<\/ul>\n<p><strong>Ei sisalda:<\/strong> parabeene, v\u00e4rvaineid, alkohole.<br \/>\nDermatoloogiliselt ja nikkel testitud, sisaldab orgaaniliselt sertifitseeritud komponente.<\/p>\n","protected":false},"featured_media":11636,"comment_status":"open","ping_status":"closed","template":"","meta":[],"product_brand":[],"product_cat":[388,448,357,394],"product_tag":[80,439],"class_list":{"0":"post-11612","1":"product","2":"type-product","3":"status-publish","4":"has-post-thumbnail","6":"product_cat-biacre","7":"product_cat-biacre-curls","8":"product_cat-biacre-styling","9":"product_cat-styling","10":"product_tag-kahusust-vahendav","11":"product_tag-for-curls","13":"first","14":"instock","15":"taxable","16":"shipping-taxable","17":"purchasable","18":"product-type-simple"},"_links":{"self":[{"href":"https:\/\/lieliskimati.lv\/et\/wp-json\/wp\/v2\/product\/11612","targetHints":{"allow":["GET"]}}],"collection":[{"href":"https:\/\/lieliskimati.lv\/et\/wp-json\/wp\/v2\/product"}],"about":[{"href":"https:\/\/lieliskimati.lv\/et\/wp-json\/wp\/v2\/types\/product"}],"replies":[{"embeddable":true,"href":"https:\/\/lieliskimati.lv\/et\/wp-json\/wp\/v2\/comments?post=11612"}],"version-history":[{"count":0,"href":"https:\/\/lieliskimati.lv\/et\/wp-json\/wp\/v2\/product\/11612\/revisions"}],"wp:featuredmedia":[{"embeddable":true,"href":"https:\/\/lieliskimati.lv\/et\/wp-json\/wp\/v2\/media\/11636"}],"wp:attachment":[{"href":"https:\/\/lieliskimati.lv\/et\/wp-json\/wp\/v2\/media?parent=11612"}],"wp:term":[{"taxonomy":"product_brand","embeddable":true,"href":"https:\/\/lieliskimati.lv\/et\/wp-json\/wp\/v2\/product_brand?post=11612"},{"taxonomy":"product_cat","embeddable":true,"href":"https:\/\/lieliskimati.lv\/et\/wp-json\/wp\/v2\/product_cat?post=11612"},{"taxonomy":"product_tag","embeddable":true,"href":"https:\/\/lieliskimati.lv\/et\/wp-json\/wp\/v2\/product_tag?post=11612"}],"curies":[{"name":"wp","href":"https:\/\/api.w.org\/{rel}","templated":true}]}}