{"id":11611,"date":"2023-01-04T15:46:00","date_gmt":"2023-01-04T13:46:00","guid":{"rendered":"https:\/\/lieliskimati.lv\/?post_type=product&#038;p=11611"},"modified":"2025-10-08T11:53:45","modified_gmt":"2025-10-08T08:53:45","slug":"biacre-curl-conditioner","status":"publish","type":"product","link":"https:\/\/lieliskimati.lv\/et\/toode\/biacre-curl-conditioner\/","title":{"rendered":"Biacr\u00e8 toitev palsam lokkis juustele"},"content":{"rendered":"<p><strong>Orgaaniline granaat\u00f5unaekstrakt<\/strong>\u00a0\u2013 toitainerikas antioks\u00fcdant, sisaldab rikkalikult vitamiine B1, B2, B6, mineraalsoolasid ja f\u00fctosteroole, mis aitavad kaasa kollageeni tootmisele rakkudes. Graanat\u00f5unaekstrakti toitvad ja niisutavad omadused m\u00f5juvad eriti h\u00e4sti kahustele, rabedatele ja katkiste otstega juustele.<\/p>\n<p><strong>Orgaaniline aaloe ekstrakt<\/strong>\u00a0\u2013 aaloe on mitmek\u00fclgne taim, millel on v\u00e4ga kasulikud omadused naha ja juuste jaoks: vananemisvastased, antibakteriaalsed, niisutavad, s\u00e4ra andvad. See niisutab juukseid s\u00fcgavuti ning muudab seel\u00e4bi juuksed tugevamaks ja l\u00e4ikivamaks.<\/p>\n<p><strong>Orgaaniline magusmandli \u00f5li<\/strong> \u2013 on ideaalne kahjustatud ja rabedate juuste seisukorra parandamiseks. Sisaldab rikkalikult rasvhappeid ja vitamiine A, B1, B2, B6, D ja E. Vitamiin A aitab hoida juuste tervist, vitamiinid B1 ja B6 toetavad juuste kasvu ning vitamiin E on rikkalik antioks\u00fcdantide poolest, mis ergutab peanaha mikrovereringet, et toetada omakorda tervete juuste kasvamist. Kasulikud rasvhapped tungivad s\u00fcgavale juuksekiusse, niisutades ja toetades juuksekarva seestpidiselt.<\/p>\n<p><strong>Kasutamine:<\/strong><\/p>\n<ul>\n<li>Peale \u0161ampooniga pesemist kandke r\u00e4tikukuivadele juustele ning laske 2-3 minutit m\u00f5juda.<\/li>\n<li>Seej\u00e4rel loputage.<\/li>\n<\/ul>\n","protected":false},"excerpt":{"rendered":"<p>Spetsiaalselt lokkis ja laines juustele loodud toitev ja niisutav hooldav palsam. T\u00e4nu niisutavatele omadustele aitab v\u00e4hendada lokkis juustele omast kahusust. Tulemuseks on kerged, pehmed ja elastsed lokid ja\/v\u00f5i lained.<\/p>\n<ul>\n<li>Sisaldab orgaanilist granaat\u00f5unaekstrakti, mis on toitainerikas antioks\u00fcdant ja mille toitvad omadused m\u00f5juvad eriti h\u00e4sti <strong>kahustele juustele<\/strong><\/li>\n<li>Sisaldab orgaanilist aaloe ekstrakti, mis <strong>niisutab juukseid s\u00fcgavuti<\/strong><\/li>\n<li>Sisaldab orgaanilist magusmandlite \u00f5li, mille <strong>kasulikud rasvhapped<\/strong> parandavad kahjustatud ja rabedate juuste seisukorda<\/li>\n<li>Aitab v\u00e4hendada kahusust lokkis juustes<\/li>\n<li>94% komponentidest looduslikku p\u00e4ritolu<\/li>\n<li>pH 4.0 &#8211; 4.5<\/li>\n<\/ul>\n<p><strong>Ei sisalda:<\/strong> parabeene, silikoone, v\u00e4rvaineid, alkohole.<br \/>\nDermatoloogiliselt ja nikkel testitud, sisaldab orgaaniliselt sertifitseeritud komponente.<\/p>\n","protected":false},"featured_media":11629,"comment_status":"open","ping_status":"closed","template":"","meta":[],"product_brand":[],"product_cat":[388,448,390],"product_tag":[80,439,77],"class_list":{"0":"post-11611","1":"product","2":"type-product","3":"status-publish","4":"has-post-thumbnail","6":"product_cat-biacre","7":"product_cat-biacre-curls","8":"product_cat-conditioners","9":"product_tag-kahusust-vahendav","10":"product_tag-for-curls","11":"product_tag-niisutav","13":"first","14":"instock","15":"taxable","16":"shipping-taxable","17":"purchasable","18":"product-type-simple"},"_links":{"self":[{"href":"https:\/\/lieliskimati.lv\/et\/wp-json\/wp\/v2\/product\/11611","targetHints":{"allow":["GET"]}}],"collection":[{"href":"https:\/\/lieliskimati.lv\/et\/wp-json\/wp\/v2\/product"}],"about":[{"href":"https:\/\/lieliskimati.lv\/et\/wp-json\/wp\/v2\/types\/product"}],"replies":[{"embeddable":true,"href":"https:\/\/lieliskimati.lv\/et\/wp-json\/wp\/v2\/comments?post=11611"}],"version-history":[{"count":0,"href":"https:\/\/lieliskimati.lv\/et\/wp-json\/wp\/v2\/product\/11611\/revisions"}],"wp:featuredmedia":[{"embeddable":true,"href":"https:\/\/lieliskimati.lv\/et\/wp-json\/wp\/v2\/media\/11629"}],"wp:attachment":[{"href":"https:\/\/lieliskimati.lv\/et\/wp-json\/wp\/v2\/media?parent=11611"}],"wp:term":[{"taxonomy":"product_brand","embeddable":true,"href":"https:\/\/lieliskimati.lv\/et\/wp-json\/wp\/v2\/product_brand?post=11611"},{"taxonomy":"product_cat","embeddable":true,"href":"https:\/\/lieliskimati.lv\/et\/wp-json\/wp\/v2\/product_cat?post=11611"},{"taxonomy":"product_tag","embeddable":true,"href":"https:\/\/lieliskimati.lv\/et\/wp-json\/wp\/v2\/product_tag?post=11611"}],"curies":[{"name":"wp","href":"https:\/\/api.w.org\/{rel}","templated":true}]}}