{"id":11609,"date":"2023-01-04T15:46:00","date_gmt":"2023-01-04T13:46:00","guid":{"rendered":"https:\/\/lieliskimati.lv\/?post_type=product&#038;p=11609"},"modified":"2026-05-12T19:35:47","modified_gmt":"2026-05-12T16:35:47","slug":"biacre-curl-shampoo","status":"publish","type":"product","link":"https:\/\/lieliskimati.lv\/et\/toode\/biacre-curl-shampoo\/","title":{"rendered":"Biacr\u00e8 toitev \u0161ampoon lokkis juustele"},"content":{"rendered":"<p><strong>Orgaaniline granaat\u00f5unaekstrakt<\/strong> \u2013 toitainerikas antioks\u00fcdant, sisaldab rikkalikult vitamiine B1, B2, B6, mineraalsoolasid ja f\u00fctosteroole, mis aitavad kaasa kollageeni tootmisele rakkudes. Graanat\u00f5unaekstrakti toitvad ja niisutavad omadused m\u00f5juvad eriti h\u00e4sti kahustele, rabedatele ja katkiste otstega juustele.<\/p>\n<p><strong>Orgaaniline aaloe ekstrakt<\/strong>\u00a0\u2013 aaloe on mitmek\u00fclgne taim, millel on v\u00e4ga kasulikud omadused naha ja juuste jaoks: vananemisvastased, antibakteriaalsed, niisutavad, s\u00e4ra andvad. See niisutab juukseid s\u00fcgavuti ning muudab seel\u00e4bi juuksed tugevamaks ja l\u00e4ikivamaks.<\/p>\n<p><strong>Orgaaniline kaeraekstrakt<\/strong> \u2013 selles v\u00e4\u00e4rtuslikus teraviljas sisalduvad ained on toitvate ja toniseerivate omadustega, mis aitavad hoiduda kuivusest ja rabedusest ning annavad juustele vormi, pehmust ja s\u00e4ra.<\/p>\n<p><strong>Kasutamine<\/strong><\/p>\n<ul>\n<li>Kandke m\u00e4rgadele juustele, masseerige peanahale ja loputage. Vajadusel korrake.<\/li>\n<li>NB: Kokkupuutel silmadega loputage p\u00f5hjalikult puhta veega.<\/li>\n<\/ul>\n","protected":false},"excerpt":{"rendered":"<p>Spetsiaalselt lokkis ja laines juustele loodud toitev ja niisutav \u0161ampoon, mis puhastab \u00f5rnalt ning aitab saavutada kerged ja elastsed lokid\/lained. T\u00e4nu niisutavatele omadustele aitab v\u00e4hendada lokkis juuste kahusust. Sisaldab granaat\u00f5unaekstrakti, orgaanilist aaloe ja orgaanilist kaeraekstrakti.<\/p>\n<ul>\n<li>Sisaldab orgaanilist granaat\u00f5unaekstrakti, mis on <strong>toitainerikas antioks\u00fcdant<\/strong> ja mille toitvad omadused m\u00f5juvad eriti h\u00e4sti <strong>kahustele juustele<\/strong><\/li>\n<li>Sisaldab orgaanilist aaloe ekstrakti, mis <strong>niisutab juukseid s\u00fcgavuti<\/strong><\/li>\n<li>Sisaldab orgaanilist kaeraekstrakti, mis\u00a0<strong>toidab ja toniseerib<\/strong><\/li>\n<li>Aitab v\u00e4hendada kahusust lokkis juustes<\/li>\n<li>93% koostisainetest looduslikku p\u00e4ritolu<\/li>\n<li>pH 5.0-5.5<\/li>\n<\/ul>\n<div class=\"woocommerce-product-details__short-description\">\n<p><strong>Ei sisalda:<\/strong> parabeene, silikoone, v\u00e4rvaineid, alkohole.<br \/>\nDermatoloogiliselt ja nikkel testitud, sisaldab orgaaniliselt sertifitseeritud komponente.<\/p>\n<\/div>\n","protected":false},"featured_media":11619,"comment_status":"open","ping_status":"closed","template":"","meta":[],"product_brand":[],"product_cat":[388,448,389],"product_tag":[80,439,77],"class_list":{"0":"post-11609","1":"product","2":"type-product","3":"status-publish","4":"has-post-thumbnail","6":"product_cat-biacre","7":"product_cat-biacre-curls","8":"product_cat-shampoos","9":"product_tag-kahusust-vahendav","10":"product_tag-for-curls","11":"product_tag-niisutav","13":"first","14":"instock","15":"taxable","16":"shipping-taxable","17":"purchasable","18":"product-type-simple"},"_links":{"self":[{"href":"https:\/\/lieliskimati.lv\/et\/wp-json\/wp\/v2\/product\/11609","targetHints":{"allow":["GET"]}}],"collection":[{"href":"https:\/\/lieliskimati.lv\/et\/wp-json\/wp\/v2\/product"}],"about":[{"href":"https:\/\/lieliskimati.lv\/et\/wp-json\/wp\/v2\/types\/product"}],"replies":[{"embeddable":true,"href":"https:\/\/lieliskimati.lv\/et\/wp-json\/wp\/v2\/comments?post=11609"}],"version-history":[{"count":1,"href":"https:\/\/lieliskimati.lv\/et\/wp-json\/wp\/v2\/product\/11609\/revisions"}],"predecessor-version":[{"id":22485,"href":"https:\/\/lieliskimati.lv\/et\/wp-json\/wp\/v2\/product\/11609\/revisions\/22485"}],"wp:featuredmedia":[{"embeddable":true,"href":"https:\/\/lieliskimati.lv\/et\/wp-json\/wp\/v2\/media\/11619"}],"wp:attachment":[{"href":"https:\/\/lieliskimati.lv\/et\/wp-json\/wp\/v2\/media?parent=11609"}],"wp:term":[{"taxonomy":"product_brand","embeddable":true,"href":"https:\/\/lieliskimati.lv\/et\/wp-json\/wp\/v2\/product_brand?post=11609"},{"taxonomy":"product_cat","embeddable":true,"href":"https:\/\/lieliskimati.lv\/et\/wp-json\/wp\/v2\/product_cat?post=11609"},{"taxonomy":"product_tag","embeddable":true,"href":"https:\/\/lieliskimati.lv\/et\/wp-json\/wp\/v2\/product_tag?post=11609"}],"curies":[{"name":"wp","href":"https:\/\/api.w.org\/{rel}","templated":true}]}}