{"id":11423,"date":"2022-11-27T22:32:17","date_gmt":"2022-11-27T20:32:17","guid":{"rendered":"https:\/\/lieliskimati.lv\/?post_type=product&#038;p=11423"},"modified":"2026-03-17T11:10:50","modified_gmt":"2026-03-17T08:10:50","slug":"lalga-sealight-beauty-bag","status":"publish","type":"product","link":"https:\/\/lieliskimati.lv\/et\/toode\/lalga-sealight-beauty-bag\/","title":{"rendered":"L&#8217;Alga Sealight Beauty Bag"},"content":{"rendered":"<ul>\n<li><a href=\"https:\/\/lieliskimati.lv\/toode\/lalga-sealight-shampoo\/\"><strong>L&#8217;Alga.Sealight vol\u00fc\u00fcmi lisav sampoon<\/strong><\/a> puhastab \u00f5rnalt peanaha ilma loomulikku rasu eemaldamata ning aidates samal ajal taastada peanaha tasakaalu.<\/li>\n<li><a href=\"https:\/\/lieliskimati.lv\/toode\/lalga-sealight-mask\/\"><strong>L&#8217;Alga.Sealight vol\u00fc\u00fcmi lisav palsam-mask<\/strong><\/a>\u00a0taastab juuste niiskustaseme, pehmendab juuksekutiikuleid\u00a0ning aitab kontrollida kahusust. V\u00e4ga kerge koostis lubab toodet kasutada sagedamini, kasv\u00f5i iga pesukord.<\/li>\n<li><strong><a href=\"https:\/\/lieliskimati.lv\/toode\/lalga-sealight-spray\/\">L&#8217;Alga.Sealight vol\u00fc\u00fcmi- ja tekstuurispray<\/a> <\/strong>on v\u00e4ga hea viimistlustoode, mis\u00a0lisab juustele\u00a0tekstuuri, mis aitab juuste kohevusel, aga ka n\u00e4iteks lokkidel ja soengutel kauem p\u00fcsida.<\/li>\n<\/ul>\n<p>Suurep\u00e4rane kingitus endale, s\u00f5brannale v\u00f5i kallimale!<br \/>\nNB: Kosmeetikakoti v\u00e4rv on illustratiivne ja v\u00f5ib varieeruda (helesinine v\u00f5i p\u00e4rlmutter lilla).<\/p>\n","protected":false},"excerpt":{"rendered":"<p>Luksuslik L\u2019Alga.SEALIGHT Beauty Bag on loodud spetsiaalselt <strong>\u00f5hukeste juuste\u00a0<\/strong>vajadustest l\u00e4htuvalt, sisaldades kolme v\u00e4ga head kohevust, t\u00e4idlust ning pehmust lisavat salongitoodet. See komplekt on ideaalne \u00f5hukestele ja peene struktuuriga juustele, mis kipuvad hoidma peadligi.<\/p>\n<ul>\n<li><a href=\"https:\/\/lieliskimati.lv\/toode\/lalga-sealight-shampoo\/\">L\u2019Alga.Sealight vol\u00fc\u00fcmi lisav sampoon<\/a> puhastab \u00f5rnalt peanaha ilma loomulikku rasu eemaldamata ning aidates samal ajal taastada peanaha tasakaalu.<\/li>\n<li><a href=\"https:\/\/lieliskimati.lv\/toode\/lalga-sealight-mask\/\">L\u2019Alga.Sealight vol\u00fc\u00fcmi lisav palsam-mask<\/a>\u00a0taastab juuste niiskustaseme, pehmendab juuksekutiikuleid\u00a0ning aitab kontrollida kahusust. V\u00e4ga kerge koostis lubab toodet kasutada sagedamini, kasv\u00f5i iga pesukord.<\/li>\n<li><a href=\"https:\/\/lieliskimati.lv\/toode\/lalga-sealight-spray\/\">L\u2019Alga.Sealight vol\u00fc\u00fcmi- ja tekstuurispray<\/a> on v\u00e4ga hea viimistlustoode, mis\u00a0lisab juustele\u00a0tekstuuri, mis aitab juuste kohevusel, aga ka n\u00e4iteks lokkidel ja soengutel kauem p\u00fcsida.<\/li>\n<\/ul>\n<p>K\u00f5ik tooted lisatud elegantsesse kosmeetikakotti, millest saab oma ilule ja mugavusele kindlasti Sinu uus lemmik kosmeetika hoidmiseks!<br \/>\nKosmeetikakoti v\u00e4rv on illustratiivne ja v\u00f5ib varieeruda (helesinine v\u00f5i p\u00e4rlmutter lilla).<\/p>\n","protected":false},"featured_media":18746,"comment_status":"open","ping_status":"closed","template":"","meta":[],"product_brand":[],"product_cat":[522,387,50,436],"product_tag":[81],"class_list":{"0":"post-11423","1":"product","2":"type-product","3":"status-publish","4":"has-post-thumbnail","6":"product_cat-komplektid","7":"product_cat-lalga","8":"product_cat-sealight","9":"product_cat-gifts","10":"product_tag-kohevust-lisav","12":"first","13":"instock","14":"taxable","15":"shipping-taxable","16":"purchasable","17":"product-type-simple"},"_links":{"self":[{"href":"https:\/\/lieliskimati.lv\/et\/wp-json\/wp\/v2\/product\/11423","targetHints":{"allow":["GET"]}}],"collection":[{"href":"https:\/\/lieliskimati.lv\/et\/wp-json\/wp\/v2\/product"}],"about":[{"href":"https:\/\/lieliskimati.lv\/et\/wp-json\/wp\/v2\/types\/product"}],"replies":[{"embeddable":true,"href":"https:\/\/lieliskimati.lv\/et\/wp-json\/wp\/v2\/comments?post=11423"}],"version-history":[{"count":1,"href":"https:\/\/lieliskimati.lv\/et\/wp-json\/wp\/v2\/product\/11423\/revisions"}],"predecessor-version":[{"id":23043,"href":"https:\/\/lieliskimati.lv\/et\/wp-json\/wp\/v2\/product\/11423\/revisions\/23043"}],"wp:featuredmedia":[{"embeddable":true,"href":"https:\/\/lieliskimati.lv\/et\/wp-json\/wp\/v2\/media\/18746"}],"wp:attachment":[{"href":"https:\/\/lieliskimati.lv\/et\/wp-json\/wp\/v2\/media?parent=11423"}],"wp:term":[{"taxonomy":"product_brand","embeddable":true,"href":"https:\/\/lieliskimati.lv\/et\/wp-json\/wp\/v2\/product_brand?post=11423"},{"taxonomy":"product_cat","embeddable":true,"href":"https:\/\/lieliskimati.lv\/et\/wp-json\/wp\/v2\/product_cat?post=11423"},{"taxonomy":"product_tag","embeddable":true,"href":"https:\/\/lieliskimati.lv\/et\/wp-json\/wp\/v2\/product_tag?post=11423"}],"curies":[{"name":"wp","href":"https:\/\/api.w.org\/{rel}","templated":true}]}}