{"id":933,"date":"2021-10-21T21:19:32","date_gmt":"2021-10-21T18:19:32","guid":{"rendered":"https:\/\/lieliskimati.lv\/?page_id=933"},"modified":"2025-04-23T11:18:03","modified_gmt":"2025-04-23T09:18:03","slug":"aitah","status":"publish","type":"page","link":"https:\/\/lieliskimati.lv\/et\/aitah\/","title":{"rendered":"T\u00e4name liitumast"},"content":{"rendered":"\t\t<div data-elementor-type=\"wp-page\" data-elementor-id=\"933\" class=\"elementor elementor-933\" data-elementor-post-type=\"page\">\n\t\t\t\t\t\t<section class=\"elementor-section elementor-top-section elementor-element elementor-element-21dee6b9 elementor-section-boxed elementor-section-height-default elementor-section-height-default\" data-id=\"21dee6b9\" data-element_type=\"section\" data-e-type=\"section\">\n\t\t\t\t\t\t<div class=\"elementor-container elementor-column-gap-default\">\n\t\t\t\t\t<div class=\"elementor-column elementor-col-50 elementor-top-column elementor-element elementor-element-7da1937f\" data-id=\"7da1937f\" data-element_type=\"column\" data-e-type=\"column\">\n\t\t\t<div class=\"elementor-widget-wrap elementor-element-populated\">\n\t\t\t\t\t\t<div class=\"elementor-element elementor-element-12710eac elementor-widget elementor-widget-heading\" data-id=\"12710eac\" data-element_type=\"widget\" data-e-type=\"widget\" data-widget_type=\"heading.default\">\n\t\t\t\t<div class=\"elementor-widget-container\">\n\t\t\t\t\t<h1 class=\"elementor-heading-title elementor-size-medium\">TERE TULEMAST ILUSATE JUUSTE MAAILMA!<\/h1>\t\t\t\t<\/div>\n\t\t\t\t<\/div>\n\t\t\t\t<div class=\"elementor-element elementor-element-316b8273 elementor-widget elementor-widget-text-editor\" data-id=\"316b8273\" data-element_type=\"widget\" data-e-type=\"widget\" data-widget_type=\"text-editor.default\">\n\t\t\t\t<div class=\"elementor-widget-container\">\n\t\t\t\t\t\t\t\t\t<p>Meil on v\u00e4ga hea meel, et astusid meie privilegeeritud klubiliikme staatusesse!<\/p><p>Edaspidi j\u00f5uab Sinuni esimesena info klubiliikmetele m\u00f5eldud eripakkumistest,, aga ka uutest toodetest, juuksehoolduse nippidest-n\u00f5uannetest ning muu kasulik ilusate juuste teemal.<\/p><p>Kui tunned, et ka Su s\u00f5brannad v\u00f5iks olla huvitatud ilusatest juustest ja juuksehooldusnippidest,<br \/>siis me pole vastu kui neilegi infot jagad \ud83d\ude09<\/p>\t\t\t\t\t\t\t\t<\/div>\n\t\t\t\t<\/div>\n\t\t\t\t<div class=\"elementor-element elementor-element-7d1b8181 elementor-share-buttons--view-icon elementor-share-buttons--skin-flat elementor-share-buttons--color-custom elementor-grid-mobile-0 elementor-share-buttons--shape-square elementor-grid-0 elementor-widget elementor-widget-share-buttons\" data-id=\"7d1b8181\" data-element_type=\"widget\" data-e-type=\"widget\" data-widget_type=\"share-buttons.default\">\n\t\t\t\t<div class=\"elementor-widget-container\">\n\t\t\t\t\t\t\t<div class=\"elementor-grid\" role=\"list\">\n\t\t\t\t\t\t\t\t<div class=\"elementor-grid-item\" role=\"listitem\">\n\t\t\t\t\t\t<div class=\"elementor-share-btn elementor-share-btn_facebook\" role=\"button\" tabindex=\"0\" aria-label=\"Share on facebook\">\n\t\t\t\t\t\t\t\t\t\t\t\t\t\t\t<span class=\"elementor-share-btn__icon\">\n\t\t\t\t\t\t\t\t<i class=\"fab fa-facebook\" aria-hidden=\"true\"><\/i>\t\t\t\t\t\t\t<\/span>\n\t\t\t\t\t\t\t\t\t\t\t\t\t\t\t\t\t\t\t\t<\/div>\n\t\t\t\t\t<\/div>\n\t\t\t\t\t\t\t\t\t<div class=\"elementor-grid-item\" role=\"listitem\">\n\t\t\t\t\t\t<div class=\"elementor-share-btn elementor-share-btn_whatsapp\" role=\"button\" tabindex=\"0\" aria-label=\"Share on whatsapp\">\n\t\t\t\t\t\t\t\t\t\t\t\t\t\t\t<span class=\"elementor-share-btn__icon\">\n\t\t\t\t\t\t\t\t<i class=\"fab fa-whatsapp\" aria-hidden=\"true\"><\/i>\t\t\t\t\t\t\t<\/span>\n\t\t\t\t\t\t\t\t\t\t\t\t\t\t\t\t\t\t\t\t<\/div>\n\t\t\t\t\t<\/div>\n\t\t\t\t\t\t\t\t\t<div class=\"elementor-grid-item\" role=\"listitem\">\n\t\t\t\t\t\t<div class=\"elementor-share-btn elementor-share-btn_email\" role=\"button\" tabindex=\"0\" aria-label=\"Share on email\">\n\t\t\t\t\t\t\t\t\t\t\t\t\t\t\t<span class=\"elementor-share-btn__icon\">\n\t\t\t\t\t\t\t\t<i class=\"fas fa-envelope\" aria-hidden=\"true\"><\/i>\t\t\t\t\t\t\t<\/span>\n\t\t\t\t\t\t\t\t\t\t\t\t\t\t\t\t\t\t\t\t<\/div>\n\t\t\t\t\t<\/div>\n\t\t\t\t\t\t\t\t\t<div class=\"elementor-grid-item\" role=\"listitem\">\n\t\t\t\t\t\t<div class=\"elementor-share-btn elementor-share-btn_twitter\" role=\"button\" tabindex=\"0\" aria-label=\"Share on twitter\">\n\t\t\t\t\t\t\t\t\t\t\t\t\t\t\t<span class=\"elementor-share-btn__icon\">\n\t\t\t\t\t\t\t\t<i class=\"fab fa-twitter\" aria-hidden=\"true\"><\/i>\t\t\t\t\t\t\t<\/span>\n\t\t\t\t\t\t\t\t\t\t\t\t\t\t\t\t\t\t\t\t<\/div>\n\t\t\t\t\t<\/div>\n\t\t\t\t\t\t<\/div>\n\t\t\t\t\t\t<\/div>\n\t\t\t\t<\/div>\n\t\t\t\t<div class=\"elementor-element elementor-element-59ebbee elementor-align-center elementor-widget elementor-widget-button\" data-id=\"59ebbee\" data-element_type=\"widget\" data-e-type=\"widget\" data-widget_type=\"button.default\">\n\t\t\t\t<div class=\"elementor-widget-container\">\n\t\t\t\t\t\t\t\t\t<div class=\"elementor-button-wrapper\">\n\t\t\t\t\t<a class=\"elementor-button elementor-button-link elementor-size-sm\" href=\"https:\/\/lieliskimati.lv\/et\/e-pood\/\">\n\t\t\t\t\t\t<span class=\"elementor-button-content-wrapper\">\n\t\t\t\t\t\t\t\t\t<span class=\"elementor-button-text\">Tagasi shoppama<\/span>\n\t\t\t\t\t<\/span>\n\t\t\t\t\t<\/a>\n\t\t\t\t<\/div>\n\t\t\t\t\t\t\t\t<\/div>\n\t\t\t\t<\/div>\n\t\t\t\t\t<\/div>\n\t\t<\/div>\n\t\t\t\t<div class=\"elementor-column elementor-col-50 elementor-top-column elementor-element elementor-element-58e429a\" data-id=\"58e429a\" data-element_type=\"column\" data-e-type=\"column\">\n\t\t\t<div class=\"elementor-widget-wrap elementor-element-populated\">\n\t\t\t\t\t\t<div class=\"elementor-element elementor-element-344477e1 elementor-widget elementor-widget-image\" data-id=\"344477e1\" data-element_type=\"widget\" data-e-type=\"widget\" data-widget_type=\"image.default\">\n\t\t\t\t<div class=\"elementor-widget-container\">\n\t\t\t\t\t\t\t\t\t\t\t\t\t\t\t\t<a href=\"https:\/\/lieliskimati.lv\/et\/cpr\/\">\n\t\t\t\t\t\t\t<img fetchpriority=\"high\" decoding=\"async\" width=\"768\" height=\"1024\" src=\"https:\/\/lieliskimati.lv\/wp-content\/uploads\/2023\/07\/LAlga_CPR_Peptide-18_Shampoomask3-768x1024.jpg\" class=\"attachment-large size-large wp-image-13105\" alt=\"L\u2019Alga CPR Instant Intensive Care Molecular Repair Peptide-18 ir salona produkcija ar revolucion\u0101r\u0101m formul\u0101m t\u016bl\u012bt\u0113jam rezult\u0101tam: stiprina, atjauno boj\u0101jumus un aizsarg\u0101 matus.\" srcset=\"https:\/\/lieliskimati.lv\/wp-content\/uploads\/2023\/07\/LAlga_CPR_Peptide-18_Shampoomask3-768x1024.jpg 768w, https:\/\/lieliskimati.lv\/wp-content\/uploads\/2023\/07\/LAlga_CPR_Peptide-18_Shampoomask3-680x907.jpg 680w, https:\/\/lieliskimati.lv\/wp-content\/uploads\/2023\/07\/LAlga_CPR_Peptide-18_Shampoomask3-225x300.jpg 225w, https:\/\/lieliskimati.lv\/wp-content\/uploads\/2023\/07\/LAlga_CPR_Peptide-18_Shampoomask3-72x96.jpg 72w, https:\/\/lieliskimati.lv\/wp-content\/uploads\/2023\/07\/LAlga_CPR_Peptide-18_Shampoomask3-32x42.jpg 32w, https:\/\/lieliskimati.lv\/wp-content\/uploads\/2023\/07\/LAlga_CPR_Peptide-18_Shampoomask3-45x60.jpg 45w, https:\/\/lieliskimati.lv\/wp-content\/uploads\/2023\/07\/LAlga_CPR_Peptide-18_Shampoomask3.jpg 900w\" sizes=\"(max-width: 768px) 100vw, 768px\" title=\"\">\t\t\t\t\t\t\t\t<\/a>\n\t\t\t\t\t\t\t\t\t\t\t\t\t\t\t<\/div>\n\t\t\t\t<\/div>\n\t\t\t\t\t<\/div>\n\t\t<\/div>\n\t\t\t\t\t<\/div>\n\t\t<\/section>\n\t\t\t\t<\/div>\n\t\t","protected":false},"excerpt":{"rendered":"<p>TERE TULEMAST ILUSATE JUUSTE MAAILMA! Meil on v\u00e4ga hea meel, et astusid meie privilegeeritud klubiliikme staatusesse! Edaspidi j\u00f5uab Sinuni esimesena info klubiliikmetele m\u00f5eldud eripakkumistest,, aga ka uutest toodetest, juuksehoolduse nippidest-n\u00f5uannetest ning muu kasulik ilusate juuste teemal. Kui tunned, et ka Su s\u00f5brannad v\u00f5iks olla huvitatud ilusatest juustest ja juuksehooldusnippidest,siis me pole vastu kui neilegi infot jagad \ud83d\ude09 Tagasi shoppama<\/p>\n","protected":false},"author":1,"featured_media":0,"parent":0,"menu_order":0,"comment_status":"closed","ping_status":"closed","template":"elementor_header_footer","meta":{"footnotes":""},"class_list":["post-933","page","type-page","status-publish","hentry"],"_links":{"self":[{"href":"https:\/\/lieliskimati.lv\/et\/wp-json\/wp\/v2\/pages\/933","targetHints":{"allow":["GET"]}}],"collection":[{"href":"https:\/\/lieliskimati.lv\/et\/wp-json\/wp\/v2\/pages"}],"about":[{"href":"https:\/\/lieliskimati.lv\/et\/wp-json\/wp\/v2\/types\/page"}],"author":[{"embeddable":true,"href":"https:\/\/lieliskimati.lv\/et\/wp-json\/wp\/v2\/users\/1"}],"replies":[{"embeddable":true,"href":"https:\/\/lieliskimati.lv\/et\/wp-json\/wp\/v2\/comments?post=933"}],"version-history":[{"count":0,"href":"https:\/\/lieliskimati.lv\/et\/wp-json\/wp\/v2\/pages\/933\/revisions"}],"wp:attachment":[{"href":"https:\/\/lieliskimati.lv\/et\/wp-json\/wp\/v2\/media?parent=933"}],"curies":[{"name":"wp","href":"https:\/\/api.w.org\/{rel}","templated":true}]}}