{"id":5078,"date":"2022-03-20T16:46:20","date_gmt":"2022-03-20T14:46:20","guid":{"rendered":"https:\/\/lieliskimati.lv\/?page_id=5078"},"modified":"2025-05-14T10:04:29","modified_gmt":"2025-05-14T08:04:29","slug":"blog","status":"publish","type":"page","link":"https:\/\/lieliskimati.lv\/et\/blog\/","title":{"rendered":"BLOG"},"content":{"rendered":"\t\t<div data-elementor-type=\"wp-page\" data-elementor-id=\"5078\" class=\"elementor elementor-5078\" data-elementor-post-type=\"page\">\n\t\t\t\t\t\t<section class=\"elementor-section elementor-top-section elementor-element elementor-element-beacc71 elementor-section-stretched elementor-section-height-min-height elementor-section-boxed elementor-section-height-default elementor-section-items-middle\" data-id=\"beacc71\" data-element_type=\"section\" data-e-type=\"section\" data-settings=\"{&quot;stretch_section&quot;:&quot;section-stretched&quot;,&quot;background_background&quot;:&quot;classic&quot;}\">\n\t\t\t\t\t\t<div class=\"elementor-container elementor-column-gap-wide\">\n\t\t\t\t\t<div class=\"elementor-column elementor-col-100 elementor-top-column elementor-element elementor-element-178cd22\" data-id=\"178cd22\" data-element_type=\"column\" data-e-type=\"column\">\n\t\t\t<div class=\"elementor-widget-wrap elementor-element-populated\">\n\t\t\t\t\t\t<div class=\"elementor-element elementor-element-3bb51ae elementor-widget elementor-widget-text-editor\" data-id=\"3bb51ae\" data-element_type=\"widget\" data-e-type=\"widget\" data-widget_type=\"text-editor.default\">\n\t\t\t\t<div class=\"elementor-widget-container\">\n\t\t\t\t\t\t\t\t\t<p>Iedvesmojies, uzzini un r\u016bp\u0113jies par saviem matiem<\/p>\t\t\t\t\t\t\t\t<\/div>\n\t\t\t\t<\/div>\n\t\t\t\t<div class=\"elementor-element elementor-element-8dcd409 elementor-widget elementor-widget-heading\" data-id=\"8dcd409\" data-element_type=\"widget\" data-e-type=\"widget\" data-widget_type=\"heading.default\">\n\t\t\t\t<div class=\"elementor-widget-container\">\n\t\t\t\t\t<h1 class=\"elementor-heading-title elementor-size-default\">Lieliski mati s\u0101kas ar zin\u0101\u0161an\u0101m<\/h1>\t\t\t\t<\/div>\n\t\t\t\t<\/div>\n\t\t\t\t<div class=\"elementor-element elementor-element-f3a1517 elementor-widget elementor-widget-text-editor\" data-id=\"f3a1517\" data-element_type=\"widget\" data-e-type=\"widget\" data-widget_type=\"text-editor.default\">\n\t\t\t\t<div class=\"elementor-widget-container\">\n\t\t\t\t\t\t\t\t\t<p>Laipni l\u016bdzam m\u016bsu blog\u0101 \u2013 \u0161eit atrad\u012bsi padzi\u013cin\u0101tu inform\u0101ciju par matu kop\u0161anu, aug\u0161anu, vesel\u012bbu un jaun\u0101kaj\u0101m tendenc\u0113m. No zin\u0101tniski pamatotiem padomiem l\u012bdz praktiskiem ieteikumiem \u2013 viss, kas nepiecie\u0161ams, lai tavi mati b\u016btu stipri, veseli un lieliski.<\/p>\t\t\t\t\t\t\t\t<\/div>\n\t\t\t\t<\/div>\n\t\t\t\t\t<\/div>\n\t\t<\/div>\n\t\t\t\t\t<\/div>\n\t\t<\/section>\n\t\t\t\t<section class=\"elementor-section elementor-top-section elementor-element elementor-element-9069c5f elementor-section-full_width elementor-section-height-default elementor-section-height-default\" data-id=\"9069c5f\" data-element_type=\"section\" data-e-type=\"section\">\n\t\t\t\t\t\t<div class=\"elementor-container elementor-column-gap-default\">\n\t\t\t\t\t<div class=\"elementor-column elementor-col-100 elementor-top-column elementor-element elementor-element-eabe31b\" data-id=\"eabe31b\" data-element_type=\"column\" data-e-type=\"column\">\n\t\t\t<div class=\"elementor-widget-wrap elementor-element-populated\">\n\t\t\t\t\t\t<div class=\"elementor-element elementor-element-ad464c3 elementor-grid-4 elementor-grid-tablet-2 elementor-grid-mobile-1 elementor-posts--thumbnail-top elementor-posts--show-avatar elementor-card-shadow-yes elementor-posts__hover-gradient load-more-align-center elementor-widget elementor-widget-posts\" data-id=\"ad464c3\" data-element_type=\"widget\" data-e-type=\"widget\" data-settings=\"{&quot;pagination_type&quot;:&quot;load_more_on_click&quot;,&quot;cards_columns&quot;:&quot;4&quot;,&quot;cards_columns_tablet&quot;:&quot;2&quot;,&quot;cards_columns_mobile&quot;:&quot;1&quot;,&quot;cards_row_gap&quot;:{&quot;unit&quot;:&quot;px&quot;,&quot;size&quot;:35,&quot;sizes&quot;:[]},&quot;cards_row_gap_tablet&quot;:{&quot;unit&quot;:&quot;px&quot;,&quot;size&quot;:&quot;&quot;,&quot;sizes&quot;:[]},&quot;cards_row_gap_mobile&quot;:{&quot;unit&quot;:&quot;px&quot;,&quot;size&quot;:&quot;&quot;,&quot;sizes&quot;:[]},&quot;load_more_spinner&quot;:{&quot;value&quot;:&quot;fas fa-spinner&quot;,&quot;library&quot;:&quot;fa-solid&quot;}}\" data-widget_type=\"posts.cards\">\n\t\t\t\t<div class=\"elementor-widget-container\">\n\t\t\t\t\t\t\t<div class=\"elementor-posts-container elementor-posts elementor-posts--skin-cards elementor-grid\" role=\"list\">\n\t\t\t\t<article class=\"elementor-post elementor-grid-item post-1 post type-post status-publish format-standard has-post-thumbnail hentry category-arvustused\" role=\"listitem\">\n\t\t\t<div class=\"elementor-post__card\">\n\t\t\t\t<a class=\"elementor-post__thumbnail__link\" href=\"https:\/\/lieliskimati.lv\/et\/arvustused\/peek-inside-lalga-juuksehooldus\/\" tabindex=\"-1\" ><div class=\"elementor-post__thumbnail\"><img fetchpriority=\"high\" decoding=\"async\" width=\"300\" height=\"300\" src=\"https:\/\/lieliskimati.lv\/wp-content\/uploads\/2022\/01\/DSC_5749-ok_small-300x300.jpg\" class=\"attachment-medium size-medium wp-image-4666\" alt=\"L&#039;ALGA.SEANORD5 MIRDZO\u0160A MATU E\u013b\u013bA\" srcset=\"https:\/\/lieliskimati.lv\/wp-content\/uploads\/2022\/01\/DSC_5749-ok_small-300x300.jpg 300w, https:\/\/lieliskimati.lv\/wp-content\/uploads\/2022\/01\/DSC_5749-ok_small-330x330.jpg 330w, https:\/\/lieliskimati.lv\/wp-content\/uploads\/2022\/01\/DSC_5749-ok_small-100x100.jpg 100w, https:\/\/lieliskimati.lv\/wp-content\/uploads\/2022\/01\/DSC_5749-ok_small-680x680.jpg 680w, https:\/\/lieliskimati.lv\/wp-content\/uploads\/2022\/01\/DSC_5749-ok_small-150x150.jpg 150w, https:\/\/lieliskimati.lv\/wp-content\/uploads\/2022\/01\/DSC_5749-ok_small-768x768.jpg 768w, https:\/\/lieliskimati.lv\/wp-content\/uploads\/2022\/01\/DSC_5749-ok_small-96x96.jpg 96w, https:\/\/lieliskimati.lv\/wp-content\/uploads\/2022\/01\/DSC_5749-ok_small-42x42.jpg 42w, https:\/\/lieliskimati.lv\/wp-content\/uploads\/2022\/01\/DSC_5749-ok_small-60x60.jpg 60w, https:\/\/lieliskimati.lv\/wp-content\/uploads\/2022\/01\/DSC_5749-ok_small-600x600.jpg 600w, https:\/\/lieliskimati.lv\/wp-content\/uploads\/2022\/01\/DSC_5749-ok_small.jpg 1000w\" sizes=\"(max-width: 300px) 100vw, 300px\" title=\"\"><\/div><\/a>\n\t\t\t\t<div class=\"elementor-post__avatar\">\n\t\t\t\t\t<\/div>\n\t\t\t\t<div class=\"elementor-post__text\">\n\t\t\t\t<h3 class=\"elementor-post__title\">\n\t\t\t<a href=\"https:\/\/lieliskimati.lv\/et\/arvustused\/peek-inside-lalga-juuksehooldus\/\" >\n\t\t\t\tPEEK INSIDE: L`ALGA JUUKSEHOOLDUS OTSE IMEDEMAALT\t\t\t<\/a>\n\t\t<\/h3>\n\t\t\t\t<div class=\"elementor-post__excerpt\">\n\t\t\t<p>Jaapani koristusgeenius Marie Kondo on \u00f6elnud, et kodus peaksid olema vaid need asjad, mis toovad r\u00f5\u00f5mu. Aga kas n\u00e4iteks shampoonil, palsamil ja kuumakaitsel on v\u00f5ime teha juuksepesust kuni f\u00f6\u00f6nitamiseni rituaal, mis mitte ainult ei kanna juuste eest hoolt, vaid t\u00e4idab ka hinge r\u00f5\u00f5muga? Eestis on uus juuksehooldusbr\u00e4nd LAlga, mis on loodud justkui imedemaal.<\/p>\n\t\t<\/div>\n\t\t\n\t\t<a class=\"elementor-post__read-more\" href=\"https:\/\/lieliskimati.lv\/et\/arvustused\/peek-inside-lalga-juuksehooldus\/\" aria-label=\"Read more about PEEK INSIDE: L`ALGA JUUKSEHOOLDUS OTSE IMEDEMAALT\" tabindex=\"-1\" >\n\t\t\tLoe l\u00e4hemalt\t\t<\/a>\n\n\t\t\t\t<\/div>\n\t\t\t\t<div class=\"elementor-post__meta-data\">\n\t\t\t\t\t<span class=\"elementor-post-date\">\n\t\t\t20\/03\/2022\t\t<\/span>\n\t\t\t\t<span class=\"elementor-post-avatar\">\n\t\t\tKommentaare pole\t\t<\/span>\n\t\t\t\t<\/div>\n\t\t\t\t\t<\/div>\n\t\t<\/article>\n\t\t\t\t<\/div>\n\t\t\t\t\t<span class=\"e-load-more-spinner\">\n\t\t\t\t<i aria-hidden=\"true\" class=\"fas fa-spinner\"><\/i>\t\t\t<\/span>\n\t\t\n\t\t\t\t\t\t<\/div>\n\t\t\t\t<\/div>\n\t\t\t\t\t<\/div>\n\t\t<\/div>\n\t\t\t\t\t<\/div>\n\t\t<\/section>\n\t\t\t\t<\/div>\n\t\t","protected":false},"excerpt":{"rendered":"<p>Iedvesmojies, uzzini un r\u016bp\u0113jies par saviem matiem Lieliski mati s\u0101kas ar zin\u0101\u0161an\u0101m Laipni l\u016bdzam m\u016bsu blog\u0101 \u2013 \u0161eit atrad\u012bsi padzi\u013cin\u0101tu inform\u0101ciju par matu kop\u0161anu, aug\u0161anu, vesel\u012bbu un jaun\u0101kaj\u0101m tendenc\u0113m. No zin\u0101tniski pamatotiem padomiem l\u012bdz praktiskiem ieteikumiem \u2013 viss, kas nepiecie\u0161ams, lai tavi mati b\u016btu stipri, veseli un lieliski.<\/p>\n","protected":false},"author":1,"featured_media":0,"parent":0,"menu_order":0,"comment_status":"closed","ping_status":"closed","template":"elementor_header_footer","meta":{"footnotes":""},"class_list":["post-5078","page","type-page","status-publish","hentry"],"_links":{"self":[{"href":"https:\/\/lieliskimati.lv\/et\/wp-json\/wp\/v2\/pages\/5078","targetHints":{"allow":["GET"]}}],"collection":[{"href":"https:\/\/lieliskimati.lv\/et\/wp-json\/wp\/v2\/pages"}],"about":[{"href":"https:\/\/lieliskimati.lv\/et\/wp-json\/wp\/v2\/types\/page"}],"author":[{"embeddable":true,"href":"https:\/\/lieliskimati.lv\/et\/wp-json\/wp\/v2\/users\/1"}],"replies":[{"embeddable":true,"href":"https:\/\/lieliskimati.lv\/et\/wp-json\/wp\/v2\/comments?post=5078"}],"version-history":[{"count":0,"href":"https:\/\/lieliskimati.lv\/et\/wp-json\/wp\/v2\/pages\/5078\/revisions"}],"wp:attachment":[{"href":"https:\/\/lieliskimati.lv\/et\/wp-json\/wp\/v2\/media?parent=5078"}],"curies":[{"name":"wp","href":"https:\/\/api.w.org\/{rel}","templated":true}]}}