{"id":3,"date":"2021-09-18T19:13:32","date_gmt":"2021-09-18T19:13:32","guid":{"rendered":"https:\/\/lieliskimati.lv\/?page_id=3"},"modified":"2023-04-02T21:41:44","modified_gmt":"2023-04-02T19:41:44","slug":"privaatsuspoliitika","status":"publish","type":"page","link":"https:\/\/lieliskimati.lv\/et\/privaatsuspoliitika\/","title":{"rendered":"Privaatsuspoliitika"},"content":{"rendered":"\t\t<div data-elementor-type=\"wp-page\" data-elementor-id=\"3\" class=\"elementor elementor-3\" data-elementor-post-type=\"page\">\n\t\t\t\t\t\t<section class=\"elementor-section elementor-top-section elementor-element elementor-element-10de095e elementor-section-boxed elementor-section-height-default elementor-section-height-default\" data-id=\"10de095e\" data-element_type=\"section\" data-e-type=\"section\" data-settings=\"{&quot;background_background&quot;:&quot;classic&quot;}\">\n\t\t\t\t\t\t\t<div class=\"elementor-background-overlay\"><\/div>\n\t\t\t\t\t\t\t<div class=\"elementor-container elementor-column-gap-default\">\n\t\t\t\t\t<div class=\"elementor-column elementor-col-50 elementor-top-column elementor-element elementor-element-53fb9f69\" data-id=\"53fb9f69\" data-element_type=\"column\" data-e-type=\"column\">\n\t\t\t<div class=\"elementor-widget-wrap elementor-element-populated\">\n\t\t\t\t\t\t<div class=\"elementor-element elementor-element-57aaeaab elementor-widget elementor-widget-heading\" data-id=\"57aaeaab\" data-element_type=\"widget\" data-e-type=\"widget\" data-widget_type=\"heading.default\">\n\t\t\t\t<div class=\"elementor-widget-container\">\n\t\t\t\t\t<h1 class=\"elementor-heading-title elementor-size-default\">Privaatsus ja andmekaitse<\/h1>\t\t\t\t<\/div>\n\t\t\t\t<\/div>\n\t\t\t\t<div class=\"elementor-element elementor-element-2674cf5 elementor-widget elementor-widget-text-editor\" data-id=\"2674cf5\" data-element_type=\"widget\" data-e-type=\"widget\" data-widget_type=\"text-editor.default\">\n\t\t\t\t<div class=\"elementor-widget-container\">\n\t\t\t\t\t\t\t\t\t<p>Veebipoe lieliskimati.lv omanik on Norsten O\u00dc (Reg. kood: 16158045), asukohaga Vahi tee 33, Vahi k\u00fcla, Harku vald, Harjumaa 76901 ja e-post info@lieliskimati.lv (edaspidi \u201cNORSTEN O\u00dc\u201d).<\/p><p>K\u00e4esolevad privaatsusp\u00f5him\u00f5tted reguleerivad isikuandmete kogumist, t\u00f6\u00f6tlemist ja s\u00e4ilitamist lieliskimati.lv veebipoes. Isikuandmeid kogub t\u00f6\u00f6tleb ja s\u00e4ilitab isikuandmete vastutav t\u00f6\u00f6tleja Norsten O\u00dc. \u00a0Norsten O\u00dc edastab isikuandmed maksete teostamiseks vajalikud isikuandmed volitatud t\u00f6\u00f6tleja Maksekeskus AS-ile, Montonio Finance UAB-le ning veoteenust pakkuvatele ettevo\u0303tetele selleks, et kaup kohale toimetada.<\/p>\t\t\t\t\t\t\t\t<\/div>\n\t\t\t\t<\/div>\n\t\t\t\t<div class=\"elementor-element elementor-element-cf17284 elementor-widget elementor-widget-accordion\" data-id=\"cf17284\" data-element_type=\"widget\" data-e-type=\"widget\" data-widget_type=\"accordion.default\">\n\t\t\t\t<div class=\"elementor-widget-container\">\n\t\t\t\t\t\t\t<div class=\"elementor-accordion\">\n\t\t\t\t\t\t\t<div class=\"elementor-accordion-item\">\n\t\t\t\t\t<div id=\"elementor-tab-title-2171\" class=\"elementor-tab-title\" data-tab=\"1\" role=\"button\" aria-controls=\"elementor-tab-content-2171\" aria-expanded=\"false\">\n\t\t\t\t\t\t\t\t\t\t\t\t\t<span class=\"elementor-accordion-icon elementor-accordion-icon-left\" aria-hidden=\"true\">\n\t\t\t\t\t\t\t\t\t\t\t\t\t\t\t<span class=\"elementor-accordion-icon-closed\"><i class=\"fas fa-plus\"><\/i><\/span>\n\t\t\t\t\t\t\t\t<span class=\"elementor-accordion-icon-opened\"><i class=\"fas fa-minus\"><\/i><\/span>\n\t\t\t\t\t\t\t\t\t\t\t\t\t\t<\/span>\n\t\t\t\t\t\t\t\t\t\t\t\t<a class=\"elementor-accordion-title\" tabindex=\"0\">MIKS JA MILLISEID ISIKUANDMEID KOGUTAKSE?<\/a>\n\t\t\t\t\t<\/div>\n\t\t\t\t\t<div id=\"elementor-tab-content-2171\" class=\"elementor-tab-content elementor-clearfix\" data-tab=\"1\" role=\"region\" aria-labelledby=\"elementor-tab-title-2171\"><p>Norsten O\u00dc kogub, t\u00f6\u00f6tleb ja s\u00e4ilitab allj\u00e4rgnevaid isikuandmeid peamiselt kodulehe ja e-posti vahendusel:<\/p><ul><li>Ees- ja perekonnanimi;<\/li><li>Telefoninumber ja e-posti aadress;<\/li><li>Maksja ja kohaletoimetamise aadress;<\/li><li>Aarvelduskontor number ja maksekaardi detailid;<\/li><li>Kaupade ja teenuste maksumus ja maksetega seotud andmed (ostuajalugu);<\/li><li>Klienditoe andmed;<\/li><li>Muu kliendiuuringute ja\/v\u00f5i pakkumistega seotud teave.<\/li><\/ul><p>Isikuandmete kogumine ja t\u00f6\u00f6tlemine on vajalik tellimuste haldamiseks ja kohaletoimetamiseks ning kaupade ja ostudega seotud k\u00fcsimuste lahendamiseks (klienditugi).<br \/>Ostuajaloo andmeid (ostu kuup\u00e4ev, kaup, kogus, ostja andmed) kasutatakse ostetud kaupade \u00fclevaate koostamiseks, kliendieelistuste anal\u00fc\u00fcsimiseks ning otsukogemuse parendamiseks.<br \/>Veebipoe kasutaja IP-aadressi v\u00f5i teisi v\u00f5rguandmeid t\u00f6\u00f6tleme veebipoe kasutuskogemuse anal\u00fc\u00fcsimise ja parendamise nimel.<\/p><\/div>\n\t\t\t\t<\/div>\n\t\t\t\t\t\t\t<div class=\"elementor-accordion-item\">\n\t\t\t\t\t<div id=\"elementor-tab-title-2172\" class=\"elementor-tab-title\" data-tab=\"2\" role=\"button\" aria-controls=\"elementor-tab-content-2172\" aria-expanded=\"false\">\n\t\t\t\t\t\t\t\t\t\t\t\t\t<span class=\"elementor-accordion-icon elementor-accordion-icon-left\" aria-hidden=\"true\">\n\t\t\t\t\t\t\t\t\t\t\t\t\t\t\t<span class=\"elementor-accordion-icon-closed\"><i class=\"fas fa-plus\"><\/i><\/span>\n\t\t\t\t\t\t\t\t<span class=\"elementor-accordion-icon-opened\"><i class=\"fas fa-minus\"><\/i><\/span>\n\t\t\t\t\t\t\t\t\t\t\t\t\t\t<\/span>\n\t\t\t\t\t\t\t\t\t\t\t\t<a class=\"elementor-accordion-title\" tabindex=\"0\">KELLEGA ISIKUANDMEID JAGATAKSE?<\/a>\n\t\t\t\t\t<\/div>\n\t\t\t\t\t<div id=\"elementor-tab-content-2172\" class=\"elementor-tab-content elementor-clearfix\" data-tab=\"2\" role=\"region\" aria-labelledby=\"elementor-tab-title-2172\"><p>Norsten O\u00dc-l on \u00f5igus klientide isikuandmeid jagada kolmandate isikutega\u00a0 (nagu n\u00e4iteks makselahenduste pakkujad Maksekeskus AS ja Montonio Finance UAB, transporditeenuste pakkujad DPD, Omniva ja Itella Smartpost ja andmemajutus zone.ee) teenuse osutamiseks ja tellimuste t\u00e4itmiseks.\u00a0 Isikuandmete jagamine toimub veebipoe ja volitatud t\u00f6\u00f6tlejatega s\u00f5lmitud lepingute alusel. Volitatud t\u00f6\u00f6tlejaid on kohustatud tagama isikuandmete t\u00f6\u00f6tlemisel asjakohased kaitsemeetmed.<\/p><\/div>\n\t\t\t\t<\/div>\n\t\t\t\t\t\t\t<div class=\"elementor-accordion-item\">\n\t\t\t\t\t<div id=\"elementor-tab-title-2173\" class=\"elementor-tab-title\" data-tab=\"3\" role=\"button\" aria-controls=\"elementor-tab-content-2173\" aria-expanded=\"false\">\n\t\t\t\t\t\t\t\t\t\t\t\t\t<span class=\"elementor-accordion-icon elementor-accordion-icon-left\" aria-hidden=\"true\">\n\t\t\t\t\t\t\t\t\t\t\t\t\t\t\t<span class=\"elementor-accordion-icon-closed\"><i class=\"fas fa-plus\"><\/i><\/span>\n\t\t\t\t\t\t\t\t<span class=\"elementor-accordion-icon-opened\"><i class=\"fas fa-minus\"><\/i><\/span>\n\t\t\t\t\t\t\t\t\t\t\t\t\t\t<\/span>\n\t\t\t\t\t\t\t\t\t\t\t\t<a class=\"elementor-accordion-title\" tabindex=\"0\">ANDMETE TURVALISUS, T\u00c4PSUS JA S\u00c4ILITAMINE<\/a>\n\t\t\t\t\t<\/div>\n\t\t\t\t\t<div id=\"elementor-tab-content-2173\" class=\"elementor-tab-content elementor-clearfix\" data-tab=\"3\" role=\"region\" aria-labelledby=\"elementor-tab-title-2173\"><p>Veebipoe\u00a0<em>lieliskimati.lv<\/em> kasutaja vastutab tema poolt esitatud andmete t\u00e4psuse ja \u00f5igsuse eest. Norsten O\u00dc ei vastuta valesti v\u00f5i eba\u00f5igesti sisestatud andmete esitamisest p\u00f5hjustatud kahju eest kliendile v\u00f5i kolmandatele osapooltele.<\/p><p>Isikuandmeid hoitakse Zone serverites, mis asuvad Euroopa Liidu liikmesriigi v\u00f5i Euroopa Liidu majanduspiirkonnaga liitunud riikide territooriumil. Andmeid v\u00f5idakse edastada riikidesse, mille andmekaitse taset on Euroopa Komisjon hinnanud piisavaks ning USA ettev\u00f5tetele, kes on liitund andmekaitse kilbi (Privacy Shield) raamistikuga.nduspiirkonnaga liitunud riikide territooriumil. Andmeid v\u00f5idakse edastada riikidesse, mille andmekaitse taset on Euroopa Komisjon hinnanud piisavaks ning USA ettev\u00f5tetele, kes on liitund andmekaitse kilbi (Privacy Shield) raamistikuga.<\/p><p>Juurdep\u00e4\u00e4s isikuandmetele on veebipoe t\u00f6\u00f6tajatel, kes saavad isikuandmetega tutvuda selleks, et lahendada veebipoe kasutamisega seonduvaid tehnilisi k\u00fcsimusi ning osutada klienditoe teenust.<\/p><p>Isikuandmetega on v\u00f5imalus tutvuda veebipoe kontohalduses, samuti teha parandusi ning need ka kustutada.<\/p><p>Kui ost on sooritatud ilma kasutajakontota, saab isikuandmetega tutvuda p\u00f6\u00f6rdudes veebipoe poole e-maili aadressil info@lieliskimati.lv.<\/p><p>Andmete muutmiseks ja kustutamiseks v\u00f5ib p\u00f6\u00f6rduda veebipoe poole ka e-maili aadressil info@lieliskimati.lv.<\/p><p>Norsten O\u00dc rakendab asjakohaseid f\u00fc\u00fcsilisi, organisatsioonilisi ja infotehnilisi turvameetmeid, et kaitsta isikuandmeid juhusliku v\u00f5i ebaseadusliku h\u00e4vitamise, kaotsimineku, muutmise v\u00f5i loata juurdep\u00e4\u00e4su ja avalikustamise eest.<\/p><\/div>\n\t\t\t\t<\/div>\n\t\t\t\t\t\t\t<div class=\"elementor-accordion-item\">\n\t\t\t\t\t<div id=\"elementor-tab-title-2174\" class=\"elementor-tab-title\" data-tab=\"4\" role=\"button\" aria-controls=\"elementor-tab-content-2174\" aria-expanded=\"false\">\n\t\t\t\t\t\t\t\t\t\t\t\t\t<span class=\"elementor-accordion-icon elementor-accordion-icon-left\" aria-hidden=\"true\">\n\t\t\t\t\t\t\t\t\t\t\t\t\t\t\t<span class=\"elementor-accordion-icon-closed\"><i class=\"fas fa-plus\"><\/i><\/span>\n\t\t\t\t\t\t\t\t<span class=\"elementor-accordion-icon-opened\"><i class=\"fas fa-minus\"><\/i><\/span>\n\t\t\t\t\t\t\t\t\t\t\t\t\t\t<\/span>\n\t\t\t\t\t\t\t\t\t\t\t\t<a class=\"elementor-accordion-title\" tabindex=\"0\">OTSETURUNDUS<\/a>\n\t\t\t\t\t<\/div>\n\t\t\t\t\t<div id=\"elementor-tab-content-2174\" class=\"elementor-tab-content elementor-clearfix\" data-tab=\"4\" role=\"region\" aria-labelledby=\"elementor-tab-title-2174\"><p>Veebipoe\u00a0<em>lieliskimati.lv<\/em>\u00a0kasutaja poolt sisestatud e-posti nime, aadressi ja telefoninumbrit kasutatakse otseturundusteadete edastamiseks ainult juhul, kui olete selleks andnud vastava n\u00f5usoleku.<br \/>Kui Te ei soovi otseturundusteated saada, saab loobuda uudiskirjas oleva lingi kaudu v\u00f5i edastades info aadressile info@lieliskimati.lv.<\/p><\/div>\n\t\t\t\t<\/div>\n\t\t\t\t\t\t\t<div class=\"elementor-accordion-item\">\n\t\t\t\t\t<div id=\"elementor-tab-title-2175\" class=\"elementor-tab-title\" data-tab=\"5\" role=\"button\" aria-controls=\"elementor-tab-content-2175\" aria-expanded=\"false\">\n\t\t\t\t\t\t\t\t\t\t\t\t\t<span class=\"elementor-accordion-icon elementor-accordion-icon-left\" aria-hidden=\"true\">\n\t\t\t\t\t\t\t\t\t\t\t\t\t\t\t<span class=\"elementor-accordion-icon-closed\"><i class=\"fas fa-plus\"><\/i><\/span>\n\t\t\t\t\t\t\t\t<span class=\"elementor-accordion-icon-opened\"><i class=\"fas fa-minus\"><\/i><\/span>\n\t\t\t\t\t\t\t\t\t\t\t\t\t\t<\/span>\n\t\t\t\t\t\t\t\t\t\t\t\t<a class=\"elementor-accordion-title\" tabindex=\"0\">K\u00dcPSISTE KASUTAMINE<\/a>\n\t\t\t\t\t<\/div>\n\t\t\t\t\t<div id=\"elementor-tab-content-2175\" class=\"elementor-tab-content elementor-clearfix\" data-tab=\"5\" role=\"region\" aria-labelledby=\"elementor-tab-title-2175\"><p>K\u00fcpsis on v\u00e4ike tekstifail, mille veebilehitseja salvestab automaatselt veebipoe k\u00fclastaja poolt kasutatavasse seadmesse. K\u00fcpsiste kasutamine toimub ainult selleks, et lieliskimati.lv veebipood pakuks kasutajale lihtsamat, kiiret ning mugavat ostukogemust.<\/p><p><em>Lieliskimati.lv\u00a0<\/em>veebipoes on kasutusel j\u00e4rgmised k\u00fcpsised:<br \/>\u2013 sessioonik\u00fcpsised, mille eesm\u00e4rk on v\u00f5imaldada veebilehe kasutamist;<br \/>\u2013 p\u00fcsik\u00fcpsised, mille eesm\u00e4rk on pidada meeles kasutaja valikuid ilusadjuuksed.ee veebipoes;<br \/>\u2013 esimese ja\/v\u00f5i kolmanda osapoole k\u00fcpsised, mille eesm\u00e4rk on n\u00e4idata kasutajale sobilikku reklaami ja pakkumisi;<br \/>\u2013 kolmanda osapoole anal\u00fc\u00fcsik\u00fcpsised, mille eesm\u00e4rk on turundussuhtluse optimeerimine.<\/p><p>Oma seadmetesse salvestatud k\u00fcpsiseid v\u00f5ib igal hetkel kustutada ja\/v\u00f5i blokeerida, muutes oma veebilehitseja vastavaid seadeid. K\u00fcpsiste mittekasutamisel ei pruugi aga veebipood plaanip\u00e4raselt t\u00f6\u00f6tada ja\/v\u00f5i osad funktsionaalsused ei pruugi olla k\u00e4ttesaadavad.<br \/>Lisaks anal\u00fc\u00fcsik\u00fcpsiste kasutamisele kasutab lieliskimati.lv veebileht piksleid (pixel tags), mille abil j\u00e4lgitakse veebilehe kasutust. Seda tehes ei t\u00f6\u00f6delda isiku tuvastamist v\u00f5imaldavaid andmeid.<\/p><\/div>\n\t\t\t\t<\/div>\n\t\t\t\t\t\t\t\t<\/div>\n\t\t\t\t\t\t<\/div>\n\t\t\t\t<\/div>\n\t\t\t\t<div class=\"elementor-element elementor-element-4193c99 elementor-widget elementor-widget-text-editor\" data-id=\"4193c99\" data-element_type=\"widget\" data-e-type=\"widget\" data-widget_type=\"text-editor.default\">\n\t\t\t\t<div class=\"elementor-widget-container\">\n\t\t\t\t\t\t\t\t\t<p>K\u00fcsimuste tekkimise korral p\u00f6\u00f6rduge julgesti meie poole aadressil info@lieliskimati.lv.<\/p>\t\t\t\t\t\t\t\t<\/div>\n\t\t\t\t<\/div>\n\t\t\t\t\t<\/div>\n\t\t<\/div>\n\t\t\t\t<div class=\"elementor-column elementor-col-50 elementor-top-column elementor-element elementor-element-5be059dc\" data-id=\"5be059dc\" data-element_type=\"column\" data-e-type=\"column\">\n\t\t\t<div class=\"elementor-widget-wrap elementor-element-populated\">\n\t\t\t\t\t\t<div class=\"elementor-element elementor-element-5e6114ee elementor-headline--style-highlight elementor-widget elementor-widget-animated-headline\" data-id=\"5e6114ee\" data-element_type=\"widget\" data-e-type=\"widget\" data-settings=\"{&quot;highlighted_text&quot;:&quot;klubi liige?&quot;,&quot;headline_style&quot;:&quot;highlight&quot;,&quot;marker&quot;:&quot;circle&quot;,&quot;loop&quot;:&quot;yes&quot;,&quot;highlight_animation_duration&quot;:1200,&quot;highlight_iteration_delay&quot;:8000}\" data-widget_type=\"animated-headline.default\">\n\t\t\t\t<div class=\"elementor-widget-container\">\n\t\t\t\t\t\t\t<h3 class=\"elementor-headline\">\n\t\t\t\t\t<span class=\"elementor-headline-plain-text elementor-headline-text-wrapper\">Kas sa oled juba meie<\/span>\n\t\t\t\t<span class=\"elementor-headline-dynamic-wrapper elementor-headline-text-wrapper\">\n\t\t\t\t\t<span class=\"elementor-headline-dynamic-text elementor-headline-text-active\">klubi liige?<\/span>\n\t\t\t\t<\/span>\n\t\t\t\t\t<span class=\"elementor-headline-plain-text elementor-headline-text-wrapper\">Liitu siin:<\/span>\n\t\t\t\t\t<\/h3>\n\t\t\t\t\t\t<\/div>\n\t\t\t\t<\/div>\n\t\t\t\t<div class=\"elementor-element elementor-element-40042fc5 elementor-button-align-stretch elementor-widget elementor-widget-form\" data-id=\"40042fc5\" data-element_type=\"widget\" data-e-type=\"widget\" data-settings=\"{&quot;step_next_label&quot;:&quot;j\\u00e4rgmine&quot;,&quot;step_previous_label&quot;:&quot;Eelmine&quot;,&quot;button_width&quot;:&quot;100&quot;,&quot;step_type&quot;:&quot;number_text&quot;,&quot;step_icon_shape&quot;:&quot;circle&quot;}\" data-widget_type=\"form.default\">\n\t\t\t\t<div class=\"elementor-widget-container\">\n\t\t\t\t\t\t\t<form class=\"elementor-form\" method=\"post\" name=\"Liituge uudiskirjaga\" aria-label=\"Liituge uudiskirjaga\">\n\t\t\t<input type=\"hidden\" name=\"post_id\" value=\"3\"\/>\n\t\t\t<input type=\"hidden\" name=\"form_id\" value=\"40042fc5\"\/>\n\t\t\t<input type=\"hidden\" name=\"referer_title\" value=\"Privaatsuspoliitika &bull; Lieliskimati.lv\" \/>\n\n\t\t\t\t\t\t\t<input type=\"hidden\" name=\"queried_id\" value=\"3\"\/>\n\t\t\t\n\t\t\t<div class=\"elementor-form-fields-wrapper elementor-labels-\">\n\t\t\t\t\t\t\t\t<div class=\"elementor-field-type-text elementor-field-group elementor-column elementor-field-group-name elementor-col-100\">\n\t\t\t\t\t\t\t\t\t\t\t\t<label for=\"form-field-name\" class=\"elementor-field-label elementor-screen-only\">\n\t\t\t\t\t\t\t\tNimi\t\t\t\t\t\t\t<\/label>\n\t\t\t\t\t\t\t\t\t\t\t\t\t\t<input size=\"1\" type=\"text\" name=\"form_fields[name]\" id=\"form-field-name\" class=\"elementor-field elementor-size-sm  elementor-field-textual\" placeholder=\"Nimi\">\n\t\t\t\t\t\t\t\t\t\t\t<\/div>\n\t\t\t\t\t\t\t\t<div class=\"elementor-field-type-email elementor-field-group elementor-column elementor-field-group-email elementor-col-100 elementor-field-required\">\n\t\t\t\t\t\t\t\t\t\t\t\t<label for=\"form-field-email\" class=\"elementor-field-label elementor-screen-only\">\n\t\t\t\t\t\t\t\tE-post\t\t\t\t\t\t\t<\/label>\n\t\t\t\t\t\t\t\t\t\t\t\t\t\t<input size=\"1\" type=\"email\" name=\"form_fields[email]\" id=\"form-field-email\" class=\"elementor-field elementor-size-sm  elementor-field-textual\" placeholder=\"E-post\" required=\"required\">\n\t\t\t\t\t\t\t\t\t\t\t<\/div>\n\t\t\t\t\t\t\t\t<div class=\"elementor-field-type-acceptance elementor-field-group elementor-column elementor-field-group-field_d7e710c elementor-col-100\">\n\t\t\t\t\t\t\t<div class=\"elementor-field-subgroup\">\n\t\t\t<span class=\"elementor-field-option\">\n\t\t\t\t<input type=\"checkbox\" name=\"form_fields[field_d7e710c]\" id=\"form-field-field_d7e710c\" class=\"elementor-field elementor-size-sm  elementor-acceptance-field\" checked=\"checked\">\n\t\t\t\t<label for=\"form-field-field_d7e710c\">Soovin liituda lieliskimati.lv klubi kirjaga ja n\u00f5ustun e-poe kasutustingimustega.<\/label>\t\t\t<\/span>\n\t\t<\/div>\n\t\t\t\t\t\t<\/div>\n\t\t\t\t\t\t\t\t<div class=\"elementor-field-group elementor-column elementor-field-type-submit elementor-col-100 e-form__buttons\">\n\t\t\t\t\t<button class=\"elementor-button elementor-size-sm\" type=\"submit\">\n\t\t\t\t\t\t<span class=\"elementor-button-content-wrapper\">\n\t\t\t\t\t\t\t\t\t\t\t\t\t\t\t<span class=\"elementor-button-icon\">\n\t\t\t\t\t\t\t\t\t<i aria-hidden=\"true\" class=\"fas fa-long-arrow-alt-right\"><\/i>\t\t\t\t\t\t\t\t\t\t\t\t\t\t\t\t\t<\/span>\n\t\t\t\t\t\t\t\t\t\t\t\t\t\t\t\t\t\t\t\t\t\t<span class=\"elementor-button-text\">LIITUN<\/span>\n\t\t\t\t\t\t\t\t\t\t\t\t\t<\/span>\n\t\t\t\t\t<\/button>\n\t\t\t\t<\/div>\n\t\t\t<\/div>\n\t\t<\/form>\n\t\t\t\t\t\t<\/div>\n\t\t\t\t<\/div>\n\t\t\t\t\t<\/div>\n\t\t<\/div>\n\t\t\t\t\t<\/div>\n\t\t<\/section>\n\t\t\t\t<\/div>\n\t\t","protected":false},"excerpt":{"rendered":"<p>Privaatsus ja andmekaitse Veebipoe lieliskimati.lv omanik on Norsten O\u00dc (Reg. kood: 16158045), asukohaga Vahi tee 33, Vahi k\u00fcla, Harku vald, Harjumaa 76901 ja e-post info@lieliskimati.lv (edaspidi \u201cNORSTEN O\u00dc\u201d). K\u00e4esolevad privaatsusp\u00f5him\u00f5tted reguleerivad isikuandmete kogumist, t\u00f6\u00f6tlemist ja s\u00e4ilitamist lieliskimati.lv veebipoes. Isikuandmeid kogub t\u00f6\u00f6tleb ja s\u00e4ilitab isikuandmete vastutav t\u00f6\u00f6tleja Norsten O\u00dc. \u00a0Norsten O\u00dc edastab isikuandmed maksete teostamiseks vajalikud isikuandmed volitatud t\u00f6\u00f6tleja Maksekeskus AS-ile, Montonio Finance UAB-le ning veoteenust pakkuvatele ettevo\u0303tetele selleks, et kaup kohale toimetada. MIKS JA MILLISEID&hellip;<\/p>\n","protected":false},"author":1,"featured_media":0,"parent":0,"menu_order":0,"comment_status":"closed","ping_status":"open","template":"","meta":{"footnotes":""},"class_list":["post-3","page","type-page","status-publish","hentry"],"_links":{"self":[{"href":"https:\/\/lieliskimati.lv\/et\/wp-json\/wp\/v2\/pages\/3","targetHints":{"allow":["GET"]}}],"collection":[{"href":"https:\/\/lieliskimati.lv\/et\/wp-json\/wp\/v2\/pages"}],"about":[{"href":"https:\/\/lieliskimati.lv\/et\/wp-json\/wp\/v2\/types\/page"}],"author":[{"embeddable":true,"href":"https:\/\/lieliskimati.lv\/et\/wp-json\/wp\/v2\/users\/1"}],"replies":[{"embeddable":true,"href":"https:\/\/lieliskimati.lv\/et\/wp-json\/wp\/v2\/comments?post=3"}],"version-history":[{"count":0,"href":"https:\/\/lieliskimati.lv\/et\/wp-json\/wp\/v2\/pages\/3\/revisions"}],"wp:attachment":[{"href":"https:\/\/lieliskimati.lv\/et\/wp-json\/wp\/v2\/media?parent=3"}],"curies":[{"name":"wp","href":"https:\/\/api.w.org\/{rel}","templated":true}]}}