{"id":10263,"date":"2022-08-30T20:13:47","date_gmt":"2022-08-30T18:13:47","guid":{"rendered":"https:\/\/lieliskimati.lv\/?page_id=10263"},"modified":"2025-05-05T13:01:40","modified_gmt":"2025-05-05T11:01:40","slug":"lalga-tootesarjad","status":"publish","type":"page","link":"https:\/\/lieliskimati.lv\/et\/lalga-tootesarjad\/","title":{"rendered":"L&#8217;Alga tootesarjad"},"content":{"rendered":"\t\t<div data-elementor-type=\"wp-page\" data-elementor-id=\"10263\" class=\"elementor elementor-10263\" data-elementor-post-type=\"page\">\n\t\t\t\t\t\t<section class=\"elementor-section elementor-top-section elementor-element elementor-element-4f94a0fa elementor-section-boxed elementor-section-height-default elementor-section-height-default\" data-id=\"4f94a0fa\" data-element_type=\"section\" data-e-type=\"section\" id=\"sarjad\" data-settings=\"{&quot;background_background&quot;:&quot;classic&quot;}\">\n\t\t\t\t\t\t<div class=\"elementor-container elementor-column-gap-default\">\n\t\t\t\t\t<div class=\"elementor-column elementor-col-100 elementor-top-column elementor-element elementor-element-246f366b\" data-id=\"246f366b\" data-element_type=\"column\" data-e-type=\"column\">\n\t\t\t<div class=\"elementor-widget-wrap elementor-element-populated\">\n\t\t\t\t\t\t<div class=\"elementor-element elementor-element-2f36ef74 elementor-widget elementor-widget-heading\" data-id=\"2f36ef74\" data-element_type=\"widget\" data-e-type=\"widget\" data-widget_type=\"heading.default\">\n\t\t\t\t<div class=\"elementor-widget-container\">\n\t\t\t\t\t<h1 class=\"elementor-heading-title elementor-size-default\">l'alga tootesarjad<\/h1>\t\t\t\t<\/div>\n\t\t\t\t<\/div>\n\t\t\t\t<div class=\"elementor-element elementor-element-377b0679 elementor-widget elementor-widget-text-editor\" data-id=\"377b0679\" data-element_type=\"widget\" data-e-type=\"widget\" data-widget_type=\"text-editor.default\">\n\t\t\t\t<div class=\"elementor-widget-container\">\n\t\t\t\t\t\t\t\t\t<p>VETIKAP\u00d5HINE INNOVATSIOON JUUKSEHOOLDUSES &#8211; LAHENDUS, MIS TOIMIB!<\/p>\t\t\t\t\t\t\t\t<\/div>\n\t\t\t\t<\/div>\n\t\t\t\t\t<\/div>\n\t\t<\/div>\n\t\t\t\t\t<\/div>\n\t\t<\/section>\n\t\t\t\t<section class=\"elementor-section elementor-top-section elementor-element elementor-element-fca91c3 elementor-section-boxed elementor-section-height-default elementor-section-height-default\" data-id=\"fca91c3\" data-element_type=\"section\" data-e-type=\"section\">\n\t\t\t\t\t\t<div class=\"elementor-container elementor-column-gap-default\">\n\t\t\t\t\t<div class=\"elementor-column elementor-col-100 elementor-top-column elementor-element elementor-element-e2be83f\" data-id=\"e2be83f\" data-element_type=\"column\" data-e-type=\"column\">\n\t\t\t<div class=\"elementor-widget-wrap elementor-element-populated\">\n\t\t\t\t\t\t<div class=\"elementor-element elementor-element-57bfad2 elementor-cta--layout-image-left elementor-cta--mobile-layout-image-above elementor-cta--valign-middle elementor-cta--skin-classic elementor-animated-content elementor-bg-transform elementor-bg-transform-zoom-in elementor-widget elementor-widget-call-to-action\" data-id=\"57bfad2\" data-element_type=\"widget\" data-e-type=\"widget\" data-widget_type=\"call-to-action.default\">\n\t\t\t\t<div class=\"elementor-widget-container\">\n\t\t\t\t\t\t\t<a class=\"elementor-cta\" href=\"https:\/\/lieliskimati.lv\/cpr\/\">\n\t\t\t\t\t<div class=\"elementor-cta__bg-wrapper\">\n\t\t\t\t<div class=\"elementor-cta__bg elementor-bg\" style=\"background-image: url(https:\/\/lieliskimati.lv\/wp-content\/uploads\/2023\/07\/CPR-range1-768x1024.jpg);\" role=\"img\" aria-label=\"L\u2019Alga CPR Peptide-18 uzlabot\u0101s formulas intens\u012bv\u0101s matu kop\u0161anas kl\u0101sts ir izstr\u0101d\u0101ts, lai acumirkl\u012b nostiprin\u0101tu, atjaunotu un aizsarg\u0101tu matus \u012bpa\u0161i slikt\u0101 st\u0101vokl\u012b.\"><\/div>\n\t\t\t\t<div class=\"elementor-cta__bg-overlay\"><\/div>\n\t\t\t<\/div>\n\t\t\t\t\t\t\t<div class=\"elementor-cta__content\">\n\t\t\t\t\n\t\t\t\t\t\t\t\t\t<h2 class=\"elementor-cta__title elementor-cta__content-item elementor-content-item\">\n\t\t\t\t\t\tUUS! L'ALGA CPR MOLECULAR REPAIR PEPTIDE-18\t\t\t\t\t<\/h2>\n\t\t\t\t\n\t\t\t\t\t\t\t\t\t<div class=\"elementor-cta__description elementor-cta__content-item elementor-content-item\">\n\t\t\t\t\t\tL\u2019Alga CPR Instant Intensive Care Molecular Repair Peptide-18 on revolutsioonilise koostisega salongisari koheste tulemuste saavutamiseks: juuste tugevdamiseks, kahjustuste parandamiseks ja kaitsmiseks. CPR Peptide-18 sari teeb juustega imesid t\u00e4nu erakordsele koostisele, mis sisaldab k\u00f5rgelt kontsentreeritud vetikaekstraktide kompleksi AlgaNord 5\u2122, kollageeni tootmist stimuleerivaid peptiidide, niiskust siduvat h\u00fcaluroonhapet, termoaktiivset seesamiproteiini ning rikkalikult erinevaid intensiivselt niisutavaid komponente. CPR Peptide-18 tagab koheselt tugevamad, pehmemad, siledamad ja tervema v\u00e4limusega juuksed.\t\t\t\t\t<\/div>\n\t\t\t\t\n\t\t\t\t\t\t\t\t\t<div class=\"elementor-cta__button-wrapper elementor-cta__content-item elementor-content-item \">\n\t\t\t\t\t<span class=\"elementor-cta__button elementor-button elementor-size-\">\n\t\t\t\t\t\tVAATA SIIT\t\t\t\t\t<\/span>\n\t\t\t\t\t<\/div>\n\t\t\t\t\t\t\t<\/div>\n\t\t\t\t\t\t\t<div class=\"elementor-ribbon\">\n\t\t\t\t<div class=\"elementor-ribbon-inner\">\n\t\t\t\t\tUUS!\t\t\t\t<\/div>\n\t\t\t<\/div>\n\t\t\t\t<\/a>\n\t\t\t\t\t\t<\/div>\n\t\t\t\t<\/div>\n\t\t\t\t\t<\/div>\n\t\t<\/div>\n\t\t\t\t\t<\/div>\n\t\t<\/section>\n\t\t\t\t<section class=\"elementor-section elementor-top-section elementor-element elementor-element-6cb2b6ac elementor-section-boxed elementor-section-height-default elementor-section-height-default\" data-id=\"6cb2b6ac\" data-element_type=\"section\" data-e-type=\"section\">\n\t\t\t\t\t\t<div class=\"elementor-container elementor-column-gap-default\">\n\t\t\t\t\t<div class=\"elementor-column elementor-col-33 elementor-top-column elementor-element elementor-element-5ad98a43\" data-id=\"5ad98a43\" data-element_type=\"column\" data-e-type=\"column\">\n\t\t\t<div class=\"elementor-widget-wrap elementor-element-populated\">\n\t\t\t\t\t\t<div class=\"elementor-element elementor-element-7eeb41e8 elementor-cta--layout-image-above elementor-cta--valign-middle elementor-cta--skin-classic elementor-animated-content elementor-bg-transform elementor-bg-transform-zoom-in elementor-widget elementor-widget-call-to-action\" data-id=\"7eeb41e8\" data-element_type=\"widget\" data-e-type=\"widget\" data-widget_type=\"call-to-action.default\">\n\t\t\t\t<div class=\"elementor-widget-container\">\n\t\t\t\t\t\t\t<a class=\"elementor-cta\" href=\"https:\/\/lieliskimati.lv\/et\/tootekategooria\/seamore\/\">\n\t\t\t\t\t<div class=\"elementor-cta__bg-wrapper\">\n\t\t\t\t<div class=\"elementor-cta__bg elementor-bg\" style=\"background-image: url(https:\/\/lieliskimati.lv\/wp-content\/uploads\/2022\/08\/Seamore_smalljpg-scaled-1-1024x596.jpg);\" role=\"img\" aria-label=\"Seamore_smalljpg-scaled.jpg\"><\/div>\n\t\t\t\t<div class=\"elementor-cta__bg-overlay\"><\/div>\n\t\t\t<\/div>\n\t\t\t\t\t\t\t<div class=\"elementor-cta__content\">\n\t\t\t\t\n\t\t\t\t\t\t\t\t\t<h3 class=\"elementor-cta__title elementor-cta__content-item elementor-content-item\">\n\t\t\t\t\t\tl'Alga.SEAMORE\t\t\t\t\t<\/h3>\n\t\t\t\t\n\t\t\t\t\t\t\t\t\t<div class=\"elementor-cta__description elementor-cta__content-item elementor-content-item\">\n\t\t\t\t\t\tKUIVADELE, KAHJUSTATUD JA T\u00d6\u00d6DELDUD JUUSTELE\n<BR>\n<BR>\nV\u00e4lja t\u00f6\u00f6tatud juuste parandamiseks ja kaitsmiseks enne, p\u00e4rast ja kahjustustega kokkupuutumise ajal. Keemilised v\u00e4rvimised ja blondeerimised, igap\u00e4evane f\u00f6\u00f6ni ja sirgendajate kasutamine; kuivus, p\u00e4ike, \u00f5husaaste ja\/v\u00f5i hormonaalsed muudatused  - neid k\u00f5iki on v\u00f5imalik m\u00e4rgatavalt leevendada SEAMORE revolutsioonilisi tooteid kasutades. \t\t\t\t\t<\/div>\n\t\t\t\t\n\t\t\t\t\t\t\t\t\t<div class=\"elementor-cta__button-wrapper elementor-cta__content-item elementor-content-item \">\n\t\t\t\t\t<span class=\"elementor-cta__button elementor-button elementor-size-\">\n\t\t\t\t\t\tVAATA &gt;&gt;\t\t\t\t\t<\/span>\n\t\t\t\t\t<\/div>\n\t\t\t\t\t\t\t<\/div>\n\t\t\t\t\t\t<\/a>\n\t\t\t\t\t\t<\/div>\n\t\t\t\t<\/div>\n\t\t\t\t<div class=\"elementor-element elementor-element-6bbafb9 elementor-cta--layout-image-above elementor-cta--valign-middle elementor-cta--skin-classic elementor-animated-content elementor-bg-transform elementor-bg-transform-zoom-in elementor-widget elementor-widget-call-to-action\" data-id=\"6bbafb9\" data-element_type=\"widget\" data-e-type=\"widget\" data-widget_type=\"call-to-action.default\">\n\t\t\t\t<div class=\"elementor-widget-container\">\n\t\t\t\t\t\t\t<a class=\"elementor-cta\" href=\"https:\/\/lieliskimati.lv\/et\/tootekategooria\/seascalp\/\">\n\t\t\t\t\t<div class=\"elementor-cta__bg-wrapper\">\n\t\t\t\t<div class=\"elementor-cta__bg elementor-bg\" style=\"background-image: url(https:\/\/lieliskimati.lv\/wp-content\/uploads\/2022\/08\/Seacalp-456x305-1-scaled-1-1024x484.jpg);\" role=\"img\" aria-label=\"Seacalp-456x305-1-scaled.jpg\"><\/div>\n\t\t\t\t<div class=\"elementor-cta__bg-overlay\"><\/div>\n\t\t\t<\/div>\n\t\t\t\t\t\t\t<div class=\"elementor-cta__content\">\n\t\t\t\t\n\t\t\t\t\t\t\t\t\t<h2 class=\"elementor-cta__title elementor-cta__content-item elementor-content-item\">\n\t\t\t\t\t\tL'Alga.SEAscalp\t\t\t\t\t<\/h2>\n\t\t\t\t\n\t\t\t\t\t\t\t\t\t<div class=\"elementor-cta__description elementor-cta__content-item elementor-content-item\">\n\t\t\t\t\t\tPROBLEEMSETELE JUUSTELE JA PEANAHALE\n<BR>\n<BR>\nL\u2019Alga.SEASCALP sari on loodud probleemsetele juustele ja peanahale \u2013 k\u00f5\u00f5m, liigne rasu, juuste v\u00e4ljalangemine. SEASCALP tooted puhastavad, tasakaalustavad ja ergutavad peanahka, samuti aeglustavad juuste vananemisprotsessi ja v\u00e4hendavad juuste v\u00e4ljalangemist. Toodetes sisalduv bio-kaitsev kompleks - sealhulgas biotiin, niatsiinamiid ja kofeiin \u2013 kontrollivad liigset rasutootmist ja hoiavad \u00e4ra juuksefolliikulite ummistumise.\u00a0\t\t\t\t\t<\/div>\n\t\t\t\t\n\t\t\t\t\t\t\t\t\t<div class=\"elementor-cta__button-wrapper elementor-cta__content-item elementor-content-item \">\n\t\t\t\t\t<span class=\"elementor-cta__button elementor-button elementor-size-\">\n\t\t\t\t\t\tVAATA &gt;&gt;\t\t\t\t\t<\/span>\n\t\t\t\t\t<\/div>\n\t\t\t\t\t\t\t<\/div>\n\t\t\t\t\t\t<\/a>\n\t\t\t\t\t\t<\/div>\n\t\t\t\t<\/div>\n\t\t\t\t\t<\/div>\n\t\t<\/div>\n\t\t\t\t<div class=\"elementor-column elementor-col-33 elementor-top-column elementor-element elementor-element-278693be\" data-id=\"278693be\" data-element_type=\"column\" data-e-type=\"column\">\n\t\t\t<div class=\"elementor-widget-wrap elementor-element-populated\">\n\t\t\t\t\t\t<div class=\"elementor-element elementor-element-336f3157 elementor-cta--layout-image-above elementor-cta--valign-middle elementor-cta--skin-classic elementor-animated-content elementor-bg-transform elementor-bg-transform-zoom-in elementor-widget elementor-widget-call-to-action\" data-id=\"336f3157\" data-element_type=\"widget\" data-e-type=\"widget\" data-widget_type=\"call-to-action.default\">\n\t\t\t\t<div class=\"elementor-widget-container\">\n\t\t\t\t\t\t\t<a class=\"elementor-cta\" href=\"https:\/\/lieliskimati.lv\/et\/tootekategooria\/sealight\/\">\n\t\t\t\t\t<div class=\"elementor-cta__bg-wrapper\">\n\t\t\t\t<div class=\"elementor-cta__bg elementor-bg\" style=\"background-image: url(https:\/\/lieliskimati.lv\/wp-content\/uploads\/2021\/12\/Sealight_smalljpg-1024x604.jpg);\" role=\"img\" aria-label=\"L&#039;Alga.SEALIGHT - vol\u00fc\u00fcmisari \u00f5hukestele kahjustatud juustele\"><\/div>\n\t\t\t\t<div class=\"elementor-cta__bg-overlay\"><\/div>\n\t\t\t<\/div>\n\t\t\t\t\t\t\t<div class=\"elementor-cta__content\">\n\t\t\t\t\n\t\t\t\t\t\t\t\t\t<h2 class=\"elementor-cta__title elementor-cta__content-item elementor-content-item\">\n\t\t\t\t\t\tl'Alga.SEALIGHT\t\t\t\t\t<\/h2>\n\t\t\t\t\n\t\t\t\t\t\t\t\t\t<div class=\"elementor-cta__description elementor-cta__content-item elementor-content-item\">\n\t\t\t\t\t\t\u00d5HUKESTELE, PEENE STRUKTUURIGA JUUSTELE\n<BR>\n<BR>\n\u00d5hukestele ja peene struktuuriga juukset\u00fc\u00fcbile loodud sari L\u2019Alga.SEALIGHT on olemuselt kerge tooteseeria, mis ei muuda juukseid raskeks. SEALIGHT sarja tooted lisavad juustele kohevust, rikastavad ja toidavad juukseid s\u00fcgavuti. Sarjas sisalduv vetikap\u00f5hine biotehnoloogiline kompleks AlgaNord 5\u2122, biotiin ja niatsiinamiid - parandavad kahjustusi juuksejuurtesse tungides. Samaaegselt stimuleeritakse peanaha vereringet ja ergutatakse\/uuendatakse juuksekarva folliikuleid.\n\t\t\t\t\t<\/div>\n\t\t\t\t\n\t\t\t\t\t\t\t\t\t<div class=\"elementor-cta__button-wrapper elementor-cta__content-item elementor-content-item \">\n\t\t\t\t\t<span class=\"elementor-cta__button elementor-button elementor-size-\">\n\t\t\t\t\t\tVAATA &gt;&gt;\t\t\t\t\t<\/span>\n\t\t\t\t\t<\/div>\n\t\t\t\t\t\t\t<\/div>\n\t\t\t\t\t\t<\/a>\n\t\t\t\t\t\t<\/div>\n\t\t\t\t<\/div>\n\t\t\t\t<div class=\"elementor-element elementor-element-3a12d702 elementor-cta--layout-image-above elementor-cta--valign-middle elementor-cta--skin-classic elementor-animated-content elementor-bg-transform elementor-bg-transform-zoom-in elementor-widget elementor-widget-call-to-action\" data-id=\"3a12d702\" data-element_type=\"widget\" data-e-type=\"widget\" data-widget_type=\"call-to-action.default\">\n\t\t\t\t<div class=\"elementor-widget-container\">\n\t\t\t\t\t\t\t<a class=\"elementor-cta\" href=\"https:\/\/lieliskimati.lv\/et\/tootekategooria\/seacurl\/\">\n\t\t\t\t\t<div class=\"elementor-cta__bg-wrapper\">\n\t\t\t\t<div class=\"elementor-cta__bg elementor-bg\" style=\"background-image: url(https:\/\/lieliskimati.lv\/wp-content\/uploads\/2021\/12\/Seacurl_smalljpg.jpg);\" role=\"img\" aria-label=\"L&#039;Alga.SEACURL juuksehooldussari lokkis juustele\"><\/div>\n\t\t\t\t<div class=\"elementor-cta__bg-overlay\"><\/div>\n\t\t\t<\/div>\n\t\t\t\t\t\t\t<div class=\"elementor-cta__content\">\n\t\t\t\t\n\t\t\t\t\t\t\t\t\t<h2 class=\"elementor-cta__title elementor-cta__content-item elementor-content-item\">\n\t\t\t\t\t\tl'Alga.SEACURL\t\t\t\t\t<\/h2>\n\t\t\t\t\n\t\t\t\t\t\t\t\t\t<div class=\"elementor-cta__description elementor-cta__content-item elementor-content-item\">\n\t\t\t\t\t\tK\u00d5IGILE LOKKIS JUUKSET\u00dc\u00dcPIDELE\n<BR>\n<BR>\nL\u2019Alga.SEACURL on niisutav sari k\u00f5ikidele lokkis juukset\u00fc\u00fcpidele. SEACURL sari aitab luua kauakestvad lokid, taastab juuste loomuliku elastsuse, suurendab juuste s\u00e4ra ja pehmust ning aitab saavutada kahuvaba l\u00f5pptulemuse. Toodetes sisalduv AlgaNord 5 biotehnoloogiline kompleks, biotiin ja niatsiinamiid parandab kahjustusi juuksejuurtesse tungides, muutes need pehmeks ja kergelt kammitavaks.\n\t\t\t\t\t<\/div>\n\t\t\t\t\n\t\t\t\t\t\t\t\t\t<div class=\"elementor-cta__button-wrapper elementor-cta__content-item elementor-content-item \">\n\t\t\t\t\t<span class=\"elementor-cta__button elementor-button elementor-size-\">\n\t\t\t\t\t\tVAATA &gt;&gt;\t\t\t\t\t<\/span>\n\t\t\t\t\t<\/div>\n\t\t\t\t\t\t\t<\/div>\n\t\t\t\t\t\t<\/a>\n\t\t\t\t\t\t<\/div>\n\t\t\t\t<\/div>\n\t\t\t\t\t<\/div>\n\t\t<\/div>\n\t\t\t\t<div class=\"elementor-column elementor-col-33 elementor-top-column elementor-element elementor-element-70aec745\" data-id=\"70aec745\" data-element_type=\"column\" data-e-type=\"column\">\n\t\t\t<div class=\"elementor-widget-wrap elementor-element-populated\">\n\t\t\t\t\t\t<div class=\"elementor-element elementor-element-71520152 elementor-cta--layout-image-above elementor-cta--valign-middle elementor-cta--skin-classic elementor-animated-content elementor-bg-transform elementor-bg-transform-zoom-in elementor-widget elementor-widget-call-to-action\" data-id=\"71520152\" data-element_type=\"widget\" data-e-type=\"widget\" data-widget_type=\"call-to-action.default\">\n\t\t\t\t<div class=\"elementor-widget-container\">\n\t\t\t\t\t\t\t<a class=\"elementor-cta\" href=\"https:\/\/lieliskimati.lv\/et\/tootekategooria\/sealver\/\">\n\t\t\t\t\t<div class=\"elementor-cta__bg-wrapper\">\n\t\t\t\t<div class=\"elementor-cta__bg elementor-bg\" style=\"background-image: url(https:\/\/lieliskimati.lv\/wp-content\/uploads\/2023\/09\/SeaLver_smalljpg-1024x595.jpg);\" role=\"img\" aria-label=\"L&#039;ALGA.SEALVER - niisutav juuksehooldus blondidele, blondeeritud, h\u00f5behallidele juustele\"><\/div>\n\t\t\t\t<div class=\"elementor-cta__bg-overlay\"><\/div>\n\t\t\t<\/div>\n\t\t\t\t\t\t\t<div class=\"elementor-cta__content\">\n\t\t\t\t\n\t\t\t\t\t\t\t\t\t<h2 class=\"elementor-cta__title elementor-cta__content-item elementor-content-item\">\n\t\t\t\t\t\tl'Alga.SEALVER\t\t\t\t\t<\/h2>\n\t\t\t\t\n\t\t\t\t\t\t\t\t\t<div class=\"elementor-cta__description elementor-cta__content-item elementor-content-item\">\n\t\t\t\t\t\tBLONDIDELE JA H\u00d5BEHALLIDELE JUUSTELE\n<BR>\n<BR>\nL\u2019Alga.SEALVER sari on m\u00f5eldud k\u00f5igile blondeeritud, triibutatud, heledaks v\u00e4rvitud ja hallidele juustele. Reeglina on blondid juuksed n\u00e4inud karme keemilisi vahendeid ning on haprad ja kuivad t\u00e4nu \u00fclet\u00f6\u00f6tlemisele. SEALVER sari sisaldab biotehnoloogilist kompleksi AlgaNord 5\u2122, biotiini ja niatsiinamiidi, mis aitavad niisutada, taastada ja parandada kahjustatud blonde juukseid, sulgedes koheselt kahjustunud juuksekutiikulid. Tooted neutraliseerivad kollased ja soojad toonid, mis blondidesse juustesse kipuvad tekkima, aitab parandada vananevate juuste elastust, annab pehmust ja loomulikku s\u00e4ra.\t\t\t\t\t<\/div>\n\t\t\t\t\n\t\t\t\t\t\t\t\t\t<div class=\"elementor-cta__button-wrapper elementor-cta__content-item elementor-content-item \">\n\t\t\t\t\t<span class=\"elementor-cta__button elementor-button elementor-size-\">\n\t\t\t\t\t\tVAATA &gt;&gt;\t\t\t\t\t<\/span>\n\t\t\t\t\t<\/div>\n\t\t\t\t\t\t\t<\/div>\n\t\t\t\t\t\t<\/a>\n\t\t\t\t\t\t<\/div>\n\t\t\t\t<\/div>\n\t\t\t\t<div class=\"elementor-element elementor-element-74095652 elementor-cta--layout-image-above elementor-cta--valign-middle elementor-cta--skin-classic elementor-animated-content elementor-bg-transform elementor-bg-transform-zoom-in elementor-widget elementor-widget-call-to-action\" data-id=\"74095652\" data-element_type=\"widget\" data-e-type=\"widget\" data-widget_type=\"call-to-action.default\">\n\t\t\t\t<div class=\"elementor-widget-container\">\n\t\t\t\t\t\t\t<a class=\"elementor-cta\" href=\"https:\/\/lieliskimati.lv\/et\/tootekategooria\/seahair\/\">\n\t\t\t\t\t<div class=\"elementor-cta__bg-wrapper\">\n\t\t\t\t<div class=\"elementor-cta__bg elementor-bg\" style=\"background-image: url(https:\/\/lieliskimati.lv\/wp-content\/uploads\/2021\/12\/Seacent_smalljpg2-1024x638.jpg);\" role=\"img\" aria-label=\"L&#039;Alga.SEAHAIR - viimistlus ja stiliseerimistooted juustele\"><\/div>\n\t\t\t\t<div class=\"elementor-cta__bg-overlay\"><\/div>\n\t\t\t<\/div>\n\t\t\t\t\t\t\t<div class=\"elementor-cta__content\">\n\t\t\t\t\n\t\t\t\t\t\t\t\t\t<h2 class=\"elementor-cta__title elementor-cta__content-item elementor-content-item\">\n\t\t\t\t\t\tL'Alga.SEAhair \t\t\t\t\t<\/h2>\n\t\t\t\t\n\t\t\t\t\t\t\t\t\t<div class=\"elementor-cta__description elementor-cta__content-item elementor-content-item\">\n\t\t\t\t\t\tVIIMISTLUS- JA STILISEERIMISTOOTED\n<BR>\n<BR>\nLoodud spetsiaalselt t\u00e4iendama ja koos t\u00f6\u00f6tama k\u00f5igi L\u2019Alga toodetega ning sobivad k\u00f5igile juukset\u00fc\u00fcpidele.\n<BR>\n<BR>\nL\u2019Alga.SEANORD5TM \u2013 s\u00e4ra andev niisutav\u00a0 juukse\u00f5li<BR>\nL\u2019Alga.SEASCENT - imeline L'Alga signatuurl\u00f5hn juukseparf\u00fc\u00fcmina\n\t\t\t\t\t<\/div>\n\t\t\t\t\n\t\t\t\t\t\t\t\t\t<div class=\"elementor-cta__button-wrapper elementor-cta__content-item elementor-content-item \">\n\t\t\t\t\t<span class=\"elementor-cta__button elementor-button elementor-size-\">\n\t\t\t\t\t\tVAATA &gt;&gt;\t\t\t\t\t<\/span>\n\t\t\t\t\t<\/div>\n\t\t\t\t\t\t\t<\/div>\n\t\t\t\t\t\t<\/a>\n\t\t\t\t\t\t<\/div>\n\t\t\t\t<\/div>\n\t\t\t\t\t<\/div>\n\t\t<\/div>\n\t\t\t\t\t<\/div>\n\t\t<\/section>\n\t\t\t\t<section class=\"elementor-section elementor-top-section elementor-element elementor-element-73a9cb64 elementor-section-stretched elementor-section-boxed elementor-section-height-default elementor-section-height-default\" data-id=\"73a9cb64\" data-element_type=\"section\" data-e-type=\"section\" data-settings=\"{&quot;stretch_section&quot;:&quot;section-stretched&quot;}\">\n\t\t\t\t\t\t<div class=\"elementor-container elementor-column-gap-default\">\n\t\t\t\t\t<div class=\"elementor-column elementor-col-25 elementor-top-column elementor-element elementor-element-739d0db7\" data-id=\"739d0db7\" data-element_type=\"column\" data-e-type=\"column\">\n\t\t\t<div class=\"elementor-widget-wrap elementor-element-populated\">\n\t\t\t\t\t\t<div class=\"elementor-element elementor-element-6ffc942f elementor-view-default elementor-widget elementor-widget-icon\" data-id=\"6ffc942f\" data-element_type=\"widget\" data-e-type=\"widget\" data-widget_type=\"icon.default\">\n\t\t\t\t<div class=\"elementor-widget-container\">\n\t\t\t\t\t\t\t<div class=\"elementor-icon-wrapper\">\n\t\t\t<div class=\"elementor-icon\">\n\t\t\t<i aria-hidden=\"true\" class=\"far fa-heart\"><\/i>\t\t\t<\/div>\n\t\t<\/div>\n\t\t\t\t\t\t<\/div>\n\t\t\t\t<\/div>\n\t\t\t\t<div class=\"elementor-element elementor-element-30e06208 elementor-widget elementor-widget-text-editor\" data-id=\"30e06208\" data-element_type=\"widget\" data-e-type=\"widget\" data-widget_type=\"text-editor.default\">\n\t\t\t\t<div class=\"elementor-widget-container\">\n\t\t\t\t\t\t\t\t\t<p>L&#8217;Alga juuksehooldustooted ei sisalda sulfaate SLS\/SLES, parabeene*, ftalaate ega GMO-sid. L&#8217;Alga tooted sobivad ka tundlikule nahale. (*v.a. L&#8217;Alga.Bolster, Seagrow \u0161ampoon ja Sealush seerum.)<\/p>\t\t\t\t\t\t\t\t<\/div>\n\t\t\t\t<\/div>\n\t\t\t\t\t<\/div>\n\t\t<\/div>\n\t\t\t\t<div class=\"elementor-column elementor-col-25 elementor-top-column elementor-element elementor-element-7c79783\" data-id=\"7c79783\" data-element_type=\"column\" data-e-type=\"column\">\n\t\t\t<div class=\"elementor-widget-wrap elementor-element-populated\">\n\t\t\t\t\t\t<div class=\"elementor-element elementor-element-18c205f6 elementor-view-default elementor-widget elementor-widget-icon\" data-id=\"18c205f6\" data-element_type=\"widget\" data-e-type=\"widget\" data-widget_type=\"icon.default\">\n\t\t\t\t<div class=\"elementor-widget-container\">\n\t\t\t\t\t\t\t<div class=\"elementor-icon-wrapper\">\n\t\t\t<div class=\"elementor-icon\">\n\t\t\t<i aria-hidden=\"true\" class=\"far fa-heart\"><\/i>\t\t\t<\/div>\n\t\t<\/div>\n\t\t\t\t\t\t<\/div>\n\t\t\t\t<\/div>\n\t\t\t\t<div class=\"elementor-element elementor-element-6261d82f elementor-widget elementor-widget-text-editor\" data-id=\"6261d82f\" data-element_type=\"widget\" data-e-type=\"widget\" data-widget_type=\"text-editor.default\">\n\t\t\t\t<div class=\"elementor-widget-container\">\n\t\t\t\t\t\t\t\t\t<p>L&#8217;Alga juuksetooted ei sisalda s\u00fcnteetilisi v\u00e4rvaineid ega loomset p\u00e4ritolu koostisosi. L&#8217;Alga kasutab taaskasutatavaid pakkematerjale.<\/p>\t\t\t\t\t\t\t\t<\/div>\n\t\t\t\t<\/div>\n\t\t\t\t\t<\/div>\n\t\t<\/div>\n\t\t\t\t<div class=\"elementor-column elementor-col-25 elementor-top-column elementor-element elementor-element-6b79cf20\" data-id=\"6b79cf20\" data-element_type=\"column\" data-e-type=\"column\">\n\t\t\t<div class=\"elementor-widget-wrap elementor-element-populated\">\n\t\t\t\t\t\t<div class=\"elementor-element elementor-element-922d10 elementor-view-default elementor-widget elementor-widget-icon\" data-id=\"922d10\" data-element_type=\"widget\" data-e-type=\"widget\" data-widget_type=\"icon.default\">\n\t\t\t\t<div class=\"elementor-widget-container\">\n\t\t\t\t\t\t\t<div class=\"elementor-icon-wrapper\">\n\t\t\t<div class=\"elementor-icon\">\n\t\t\t<i aria-hidden=\"true\" class=\"far fa-heart\"><\/i>\t\t\t<\/div>\n\t\t<\/div>\n\t\t\t\t\t\t<\/div>\n\t\t\t\t<\/div>\n\t\t\t\t<div class=\"elementor-element elementor-element-ba01a1a elementor-widget elementor-widget-text-editor\" data-id=\"ba01a1a\" data-element_type=\"widget\" data-e-type=\"widget\" data-widget_type=\"text-editor.default\">\n\t\t\t\t<div class=\"elementor-widget-container\">\n\t\t\t\t\t\t\t\t\t<p>L&#8217;Alga juuksehooldustooted on ohutud ning sobivad v\u00e4rvitud, sirgendatud ja keemiliselt t\u00f6\u00f6deldud juustele.<\/p>\t\t\t\t\t\t\t\t<\/div>\n\t\t\t\t<\/div>\n\t\t\t\t\t<\/div>\n\t\t<\/div>\n\t\t\t\t<div class=\"elementor-column elementor-col-25 elementor-top-column elementor-element elementor-element-27c384a2\" data-id=\"27c384a2\" data-element_type=\"column\" data-e-type=\"column\">\n\t\t\t<div class=\"elementor-widget-wrap elementor-element-populated\">\n\t\t\t\t\t\t<div class=\"elementor-element elementor-element-12d6da49 elementor-view-default elementor-widget elementor-widget-icon\" data-id=\"12d6da49\" data-element_type=\"widget\" data-e-type=\"widget\" data-widget_type=\"icon.default\">\n\t\t\t\t<div class=\"elementor-widget-container\">\n\t\t\t\t\t\t\t<div class=\"elementor-icon-wrapper\">\n\t\t\t<div class=\"elementor-icon\">\n\t\t\t<i aria-hidden=\"true\" class=\"far fa-heart\"><\/i>\t\t\t<\/div>\n\t\t<\/div>\n\t\t\t\t\t\t<\/div>\n\t\t\t\t<\/div>\n\t\t\t\t<div class=\"elementor-element elementor-element-4904414 elementor-widget elementor-widget-text-editor\" data-id=\"4904414\" data-element_type=\"widget\" data-e-type=\"widget\" data-widget_type=\"text-editor.default\">\n\t\t\t\t<div class=\"elementor-widget-container\">\n\t\t\t\t\t\t\t\t\t<p>L&#8217;Alga juuksetoodete pH tase on juustele omasel loomulikul tasemel vahemikus 3,5 &#8211; 5, tagades seel\u00e4bi sileda, s\u00e4rava ja tervema l\u00f5pptulemuse.<\/p>\t\t\t\t\t\t\t\t<\/div>\n\t\t\t\t<\/div>\n\t\t\t\t\t<\/div>\n\t\t<\/div>\n\t\t\t\t\t<\/div>\n\t\t<\/section>\n\t\t\t\t<\/div>\n\t\t","protected":false},"excerpt":{"rendered":"<p>l&#8217;alga tootesarjad VETIKAP\u00d5HINE INNOVATSIOON JUUKSEHOOLDUSES &#8211; LAHENDUS, MIS TOIMIB! UUS! L&#8217;ALGA CPR MOLECULAR REPAIR PEPTIDE-18 L\u2019Alga CPR Instant Intensive Care Molecular Repair Peptide-18 on revolutsioonilise koostisega salongisari koheste tulemuste saavutamiseks: juuste tugevdamiseks, kahjustuste parandamiseks ja kaitsmiseks. CPR Peptide-18 sari teeb juustega imesid t\u00e4nu erakordsele koostisele, mis sisaldab k\u00f5rgelt kontsentreeritud vetikaekstraktide kompleksi AlgaNord 5\u2122, kollageeni tootmist stimuleerivaid peptiidide, niiskust siduvat h\u00fcaluroonhapet, termoaktiivset seesamiproteiini ning rikkalikult erinevaid intensiivselt niisutavaid komponente. CPR Peptide-18 tagab koheselt tugevamad, pehmemad, siledamad&hellip;<\/p>\n","protected":false},"author":1,"featured_media":0,"parent":0,"menu_order":0,"comment_status":"closed","ping_status":"closed","template":"","meta":{"footnotes":""},"class_list":["post-10263","page","type-page","status-publish","hentry"],"_links":{"self":[{"href":"https:\/\/lieliskimati.lv\/et\/wp-json\/wp\/v2\/pages\/10263","targetHints":{"allow":["GET"]}}],"collection":[{"href":"https:\/\/lieliskimati.lv\/et\/wp-json\/wp\/v2\/pages"}],"about":[{"href":"https:\/\/lieliskimati.lv\/et\/wp-json\/wp\/v2\/types\/page"}],"author":[{"embeddable":true,"href":"https:\/\/lieliskimati.lv\/et\/wp-json\/wp\/v2\/users\/1"}],"replies":[{"embeddable":true,"href":"https:\/\/lieliskimati.lv\/et\/wp-json\/wp\/v2\/comments?post=10263"}],"version-history":[{"count":0,"href":"https:\/\/lieliskimati.lv\/et\/wp-json\/wp\/v2\/pages\/10263\/revisions"}],"wp:attachment":[{"href":"https:\/\/lieliskimati.lv\/et\/wp-json\/wp\/v2\/media?parent=10263"}],"curies":[{"name":"wp","href":"https:\/\/api.w.org\/{rel}","templated":true}]}}