{"id":10148,"date":"2022-08-30T19:58:59","date_gmt":"2022-08-30T17:58:59","guid":{"rendered":"https:\/\/lieliskimati.lv\/?page_id=10148"},"modified":"2025-04-22T00:49:40","modified_gmt":"2025-04-21T22:49:40","slug":"biacre","status":"publish","type":"page","link":"https:\/\/lieliskimati.lv\/et\/biacre\/","title":{"rendered":"Biacre"},"content":{"rendered":"\t\t<div data-elementor-type=\"wp-page\" data-elementor-id=\"10148\" class=\"elementor elementor-10148\" data-elementor-post-type=\"page\">\n\t\t\t\t\t\t<section class=\"elementor-section elementor-top-section elementor-element elementor-element-3be47b36 elementor-section-stretched elementor-section-boxed elementor-section-height-default elementor-section-height-default\" data-id=\"3be47b36\" data-element_type=\"section\" data-e-type=\"section\" data-settings=\"{&quot;stretch_section&quot;:&quot;section-stretched&quot;,&quot;background_background&quot;:&quot;slideshow&quot;,&quot;background_slideshow_gallery&quot;:[{&quot;id&quot;:10158,&quot;url&quot;:&quot;https:\\\/\\\/lieliskimati.lv\\\/wp-content\\\/uploads\\\/2022\\\/08\\\/biacre_fatto-in-toscana-scaled-1.jpg&quot;}],&quot;background_slideshow_transition_duration&quot;:5000,&quot;background_slideshow_slide_duration&quot;:5000,&quot;background_slideshow_slide_transition&quot;:&quot;fade&quot;}\">\n\t\t\t\t\t\t<div class=\"elementor-container elementor-column-gap-default\">\n\t\t\t\t\t<div class=\"elementor-column elementor-col-50 elementor-top-column elementor-element elementor-element-7c96b3d3\" data-id=\"7c96b3d3\" data-element_type=\"column\" data-e-type=\"column\">\n\t\t\t<div class=\"elementor-widget-wrap elementor-element-populated\">\n\t\t\t\t\t\t<div class=\"elementor-element elementor-element-5dd86554 elementor-widget elementor-widget-image\" data-id=\"5dd86554\" data-element_type=\"widget\" data-e-type=\"widget\" data-widget_type=\"image.default\">\n\t\t\t\t<div class=\"elementor-widget-container\">\n\t\t\t\t\t\t\t\t\t\t\t\t\t\t\t<img fetchpriority=\"high\" decoding=\"async\" width=\"1000\" height=\"298\" src=\"https:\/\/lieliskimati.lv\/wp-content\/uploads\/2022\/08\/Biacre_white_transparentPNG.png\" class=\"attachment-large size-large wp-image-10155\" alt=\"\" srcset=\"https:\/\/lieliskimati.lv\/wp-content\/uploads\/2022\/08\/Biacre_white_transparentPNG.png 1000w, https:\/\/lieliskimati.lv\/wp-content\/uploads\/2022\/08\/Biacre_white_transparentPNG-680x203.png 680w, https:\/\/lieliskimati.lv\/wp-content\/uploads\/2022\/08\/Biacre_white_transparentPNG-300x89.png 300w, https:\/\/lieliskimati.lv\/wp-content\/uploads\/2022\/08\/Biacre_white_transparentPNG-768x229.png 768w, https:\/\/lieliskimati.lv\/wp-content\/uploads\/2022\/08\/Biacre_white_transparentPNG-96x29.png 96w, https:\/\/lieliskimati.lv\/wp-content\/uploads\/2022\/08\/Biacre_white_transparentPNG-42x13.png 42w, https:\/\/lieliskimati.lv\/wp-content\/uploads\/2022\/08\/Biacre_white_transparentPNG-60x18.png 60w\" sizes=\"(max-width: 1000px) 100vw, 1000px\" title=\"\">\t\t\t\t\t\t\t\t\t\t\t\t\t\t\t<\/div>\n\t\t\t\t<\/div>\n\t\t\t\t<div class=\"elementor-element elementor-element-3b24ee57 elementor-widget elementor-widget-text-editor\" data-id=\"3b24ee57\" data-element_type=\"widget\" data-e-type=\"widget\" data-widget_type=\"text-editor.default\">\n\t\t\t\t<div class=\"elementor-widget-container\">\n\t\t\t\t\t\t\t\t\t<p>INSPIREERITUD <br \/>PUHTAST TOSCANA<br \/><strong>LOODUSEST<\/strong><strong><br \/><\/strong><\/p>\t\t\t\t\t\t\t\t<\/div>\n\t\t\t\t<\/div>\n\t\t\t\t<div class=\"elementor-element elementor-element-c797aa7 elementor-align-right elementor-tablet-align-center elementor-widget elementor-widget-button\" data-id=\"c797aa7\" data-element_type=\"widget\" data-e-type=\"widget\" data-widget_type=\"button.default\">\n\t\t\t\t<div class=\"elementor-widget-container\">\n\t\t\t\t\t\t\t\t\t<div class=\"elementor-button-wrapper\">\n\t\t\t\t\t<a class=\"elementor-button elementor-button-link elementor-size-sm\" href=\"https:\/\/lieliskimati.lv\/biacre-tootesarjad\/\">\n\t\t\t\t\t\t<span class=\"elementor-button-content-wrapper\">\n\t\t\t\t\t\t\t\t\t<span class=\"elementor-button-text\">Vaata Biacr\u00e8 tootesarju siit<\/span>\n\t\t\t\t\t<\/span>\n\t\t\t\t\t<\/a>\n\t\t\t\t<\/div>\n\t\t\t\t\t\t\t\t<\/div>\n\t\t\t\t<\/div>\n\t\t\t\t\t<\/div>\n\t\t<\/div>\n\t\t\t\t<div class=\"elementor-column elementor-col-50 elementor-top-column elementor-element elementor-element-5b385bdf\" data-id=\"5b385bdf\" data-element_type=\"column\" data-e-type=\"column\">\n\t\t\t<div class=\"elementor-widget-wrap\">\n\t\t\t\t\t\t\t<\/div>\n\t\t<\/div>\n\t\t\t\t\t<\/div>\n\t\t<\/section>\n\t\t\t\t<section class=\"elementor-section elementor-top-section elementor-element elementor-element-2e388f3b elementor-section-boxed elementor-section-height-default elementor-section-height-default\" data-id=\"2e388f3b\" data-element_type=\"section\" data-e-type=\"section\">\n\t\t\t\t\t\t<div class=\"elementor-container elementor-column-gap-default\">\n\t\t\t\t\t<div class=\"elementor-column elementor-col-50 elementor-top-column elementor-element elementor-element-5f193385\" data-id=\"5f193385\" data-element_type=\"column\" data-e-type=\"column\">\n\t\t\t<div class=\"elementor-widget-wrap elementor-element-populated\">\n\t\t\t\t\t\t<div class=\"elementor-element elementor-element-30c8fcf9 elementor-widget elementor-widget-image\" data-id=\"30c8fcf9\" data-element_type=\"widget\" data-e-type=\"widget\" data-widget_type=\"image.default\">\n\t\t\t\t<div class=\"elementor-widget-container\">\n\t\t\t\t\t\t\t\t\t\t\t\t\t\t\t<img decoding=\"async\" width=\"60\" height=\"58\" src=\"https:\/\/lieliskimati.lv\/wp-content\/uploads\/2022\/08\/icon_family-company.png\" class=\"attachment-thumbnail size-thumbnail wp-image-10164\" alt=\"\" srcset=\"https:\/\/lieliskimati.lv\/wp-content\/uploads\/2022\/08\/icon_family-company.png 60w, https:\/\/lieliskimati.lv\/wp-content\/uploads\/2022\/08\/icon_family-company-42x42.png 42w\" sizes=\"(max-width: 60px) 100vw, 60px\" title=\"\">\t\t\t\t\t\t\t\t\t\t\t\t\t\t\t<\/div>\n\t\t\t\t<\/div>\n\t\t\t\t<div class=\"elementor-element elementor-element-e4e9491 elementor-widget elementor-widget-heading\" data-id=\"e4e9491\" data-element_type=\"widget\" data-e-type=\"widget\" data-widget_type=\"heading.default\">\n\t\t\t\t<div class=\"elementor-widget-container\">\n\t\t\t\t\t<h2 class=\"elementor-heading-title elementor-size-default\">Kirg juuksehoolduse vastu \u00fcle 2 generatsiooni<\/h2>\t\t\t\t<\/div>\n\t\t\t\t<\/div>\n\t\t\t\t<div class=\"elementor-element elementor-element-7ef4135f elementor-widget elementor-widget-text-editor\" data-id=\"7ef4135f\" data-element_type=\"widget\" data-e-type=\"widget\" data-widget_type=\"text-editor.default\">\n\t\t\t\t<div class=\"elementor-widget-container\">\n\t\t\t\t\t\t\t\t\t<p>Biacr\u00e8 br\u00e4nd ja juuksehooldussari loodi aastal 1967 Toscanas ning kuulub \u00fcle kahe generatsiooni \u00fchte perekonda. Juba algusaegadest l\u00e4htus perekond kindlatest p\u00f5him\u00f5tetest: kvaliteet, unikaalsus ja innovatsioon.<\/p>\t\t\t\t\t\t\t\t<\/div>\n\t\t\t\t<\/div>\n\t\t\t\t\t<\/div>\n\t\t<\/div>\n\t\t\t\t<div class=\"elementor-column elementor-col-50 elementor-top-column elementor-element elementor-element-72ea3093\" data-id=\"72ea3093\" data-element_type=\"column\" data-e-type=\"column\">\n\t\t\t<div class=\"elementor-widget-wrap elementor-element-populated\">\n\t\t\t\t\t\t<div class=\"elementor-element elementor-element-2aa848bd elementor-widget elementor-widget-image\" data-id=\"2aa848bd\" data-element_type=\"widget\" data-e-type=\"widget\" data-widget_type=\"image.default\">\n\t\t\t\t<div class=\"elementor-widget-container\">\n\t\t\t\t\t\t\t\t\t\t\t\t\t\t\t<img decoding=\"async\" width=\"52\" height=\"58\" src=\"https:\/\/lieliskimati.lv\/wp-content\/uploads\/2022\/08\/icon_made-in-tuscany.png\" class=\"attachment-thumbnail size-thumbnail wp-image-10167\" alt=\"\" srcset=\"https:\/\/lieliskimati.lv\/wp-content\/uploads\/2022\/08\/icon_made-in-tuscany.png 52w, https:\/\/lieliskimati.lv\/wp-content\/uploads\/2022\/08\/icon_made-in-tuscany-38x42.png 38w\" sizes=\"(max-width: 52px) 100vw, 52px\" title=\"\">\t\t\t\t\t\t\t\t\t\t\t\t\t\t\t<\/div>\n\t\t\t\t<\/div>\n\t\t\t\t<div class=\"elementor-element elementor-element-4a790e44 elementor-widget elementor-widget-heading\" data-id=\"4a790e44\" data-element_type=\"widget\" data-e-type=\"widget\" data-widget_type=\"heading.default\">\n\t\t\t\t<div class=\"elementor-widget-container\">\n\t\t\t\t\t<h2 class=\"elementor-heading-title elementor-size-default\">Valmistatud Toskaanas<\/h2>\t\t\t\t<\/div>\n\t\t\t\t<\/div>\n\t\t\t\t<div class=\"elementor-element elementor-element-1562c5f3 elementor-widget elementor-widget-text-editor\" data-id=\"1562c5f3\" data-element_type=\"widget\" data-e-type=\"widget\" data-widget_type=\"text-editor.default\">\n\t\t\t\t<div class=\"elementor-widget-container\">\n\t\t\t\t\t\t\t\t\t<p>Biacr\u00e8 tooted luuakse ja valmistatakse imelises Toskaanas, Itaalias. Biacr\u00e8 pere valib toodetesse alati vaid puhtaimad ja parimad komponendid \u00fcle maailma, mis oleks orgaaniliselt kasvatatud, eetiliselt ja j\u00e4tkusuutlikult valmistatud.<\/p>\t\t\t\t\t\t\t\t<\/div>\n\t\t\t\t<\/div>\n\t\t\t\t\t<\/div>\n\t\t<\/div>\n\t\t\t\t\t<\/div>\n\t\t<\/section>\n\t\t\t\t<section class=\"elementor-section elementor-top-section elementor-element elementor-element-3cab0c22 elementor-section-boxed elementor-section-height-default elementor-section-height-default\" data-id=\"3cab0c22\" data-element_type=\"section\" data-e-type=\"section\">\n\t\t\t\t\t\t<div class=\"elementor-container elementor-column-gap-default\">\n\t\t\t\t\t<div class=\"elementor-column elementor-col-50 elementor-top-column elementor-element elementor-element-62be9ed0\" data-id=\"62be9ed0\" data-element_type=\"column\" data-e-type=\"column\">\n\t\t\t<div class=\"elementor-widget-wrap elementor-element-populated\">\n\t\t\t\t\t\t<div class=\"elementor-element elementor-element-af03339 elementor-widget elementor-widget-image\" data-id=\"af03339\" data-element_type=\"widget\" data-e-type=\"widget\" data-widget_type=\"image.default\">\n\t\t\t\t<div class=\"elementor-widget-container\">\n\t\t\t\t\t\t\t\t\t\t\t\t\t\t\t<img loading=\"lazy\" decoding=\"async\" width=\"73\" height=\"58\" src=\"https:\/\/lieliskimati.lv\/wp-content\/uploads\/2022\/08\/icon_naturalita.png\" class=\"attachment-thumbnail size-thumbnail wp-image-10170\" alt=\"\" srcset=\"https:\/\/lieliskimati.lv\/wp-content\/uploads\/2022\/08\/icon_naturalita.png 73w, https:\/\/lieliskimati.lv\/wp-content\/uploads\/2022\/08\/icon_naturalita-42x33.png 42w, https:\/\/lieliskimati.lv\/wp-content\/uploads\/2022\/08\/icon_naturalita-60x48.png 60w\" sizes=\"(max-width: 73px) 100vw, 73px\" title=\"\">\t\t\t\t\t\t\t\t\t\t\t\t\t\t\t<\/div>\n\t\t\t\t<\/div>\n\t\t\t\t<div class=\"elementor-element elementor-element-4a3f514b elementor-widget elementor-widget-heading\" data-id=\"4a3f514b\" data-element_type=\"widget\" data-e-type=\"widget\" data-widget_type=\"heading.default\">\n\t\t\t\t<div class=\"elementor-widget-container\">\n\t\t\t\t\t<h2 class=\"elementor-heading-title elementor-size-default\">Looduslikkus &amp; j\u00e4tkusuutlikkus<\/h2>\t\t\t\t<\/div>\n\t\t\t\t<\/div>\n\t\t\t\t<div class=\"elementor-element elementor-element-5847bc56 elementor-widget elementor-widget-text-editor\" data-id=\"5847bc56\" data-element_type=\"widget\" data-e-type=\"widget\" data-widget_type=\"text-editor.default\">\n\t\t\t\t<div class=\"elementor-widget-container\">\n\t\t\t\t\t\t\t\t\t<p>Biacr\u00e8 pere otsib ja testib oma laborites lahendusi, mis s\u00e4ilitaks taimede ja komponentide parimad looduslikud omadused, kvaliteedi ja t\u00f5husa toime. K\u00f5ike seda tehakse taaskasutatava energia ning \u00f6koloogiliselt j\u00e4tkusuutlike materjalide ning madala keskkonnam\u00f5juga.<\/p>\t\t\t\t\t\t\t\t<\/div>\n\t\t\t\t<\/div>\n\t\t\t\t\t<\/div>\n\t\t<\/div>\n\t\t\t\t<div class=\"elementor-column elementor-col-50 elementor-top-column elementor-element elementor-element-16a04559\" data-id=\"16a04559\" data-element_type=\"column\" data-e-type=\"column\">\n\t\t\t<div class=\"elementor-widget-wrap elementor-element-populated\">\n\t\t\t\t\t\t<div class=\"elementor-element elementor-element-5a4e24b elementor-widget elementor-widget-image\" data-id=\"5a4e24b\" data-element_type=\"widget\" data-e-type=\"widget\" data-widget_type=\"image.default\">\n\t\t\t\t<div class=\"elementor-widget-container\">\n\t\t\t\t\t\t\t\t\t\t\t\t\t\t\t<img loading=\"lazy\" decoding=\"async\" width=\"53\" height=\"58\" src=\"https:\/\/lieliskimati.lv\/wp-content\/uploads\/2024\/08\/icon_source-of-beauty.png\" class=\"attachment-thumbnail size-thumbnail wp-image-17166\" alt=\"\" srcset=\"https:\/\/lieliskimati.lv\/wp-content\/uploads\/2024\/08\/icon_source-of-beauty.png 53w, https:\/\/lieliskimati.lv\/wp-content\/uploads\/2024\/08\/icon_source-of-beauty-38x42.png 38w\" sizes=\"(max-width: 53px) 100vw, 53px\" title=\"\">\t\t\t\t\t\t\t\t\t\t\t\t\t\t\t<\/div>\n\t\t\t\t<\/div>\n\t\t\t\t<div class=\"elementor-element elementor-element-6f037b3d elementor-widget elementor-widget-heading\" data-id=\"6f037b3d\" data-element_type=\"widget\" data-e-type=\"widget\" data-widget_type=\"heading.default\">\n\t\t\t\t<div class=\"elementor-widget-container\">\n\t\t\t\t\t<h2 class=\"elementor-heading-title elementor-size-default\">source of beauty - loodusest inspireeritud<\/h2>\t\t\t\t<\/div>\n\t\t\t\t<\/div>\n\t\t\t\t<div class=\"elementor-element elementor-element-131ec7a4 elementor-widget elementor-widget-text-editor\" data-id=\"131ec7a4\" data-element_type=\"widget\" data-e-type=\"widget\" data-widget_type=\"text-editor.default\">\n\t\t\t\t<div class=\"elementor-widget-container\">\n\t\t\t\t\t\t\t\t\t<p>Biacr\u00e8 pere usub j\u00e4tkusuutlikkusse ilusse, mis on loodud harmoonias loodusega. Hoolides loodusest hoolime ka iseendast.<\/p><p>Biacr\u00e8: \u201e<em>Loodus r\u00e4\u00e4gib meiega, ja meie kuulame Loodust<\/em>.\u201c<\/p>\t\t\t\t\t\t\t\t<\/div>\n\t\t\t\t<\/div>\n\t\t\t\t\t<\/div>\n\t\t<\/div>\n\t\t\t\t\t<\/div>\n\t\t<\/section>\n\t\t\t\t<section class=\"elementor-section elementor-top-section elementor-element elementor-element-4738c603 elementor-section-boxed elementor-section-height-default elementor-section-height-default\" data-id=\"4738c603\" data-element_type=\"section\" data-e-type=\"section\" data-settings=\"{&quot;background_background&quot;:&quot;classic&quot;}\">\n\t\t\t\t\t\t<div class=\"elementor-container elementor-column-gap-default\">\n\t\t\t\t\t<div class=\"elementor-column elementor-col-33 elementor-top-column elementor-element elementor-element-5dd87d70\" data-id=\"5dd87d70\" data-element_type=\"column\" data-e-type=\"column\">\n\t\t\t<div class=\"elementor-widget-wrap elementor-element-populated\">\n\t\t\t\t\t\t<div class=\"elementor-element elementor-element-1fb01b3e elementor-cta--layout-image-above elementor-cta--skin-classic elementor-animated-content elementor-bg-transform elementor-bg-transform-zoom-in elementor-widget elementor-widget-call-to-action\" data-id=\"1fb01b3e\" data-element_type=\"widget\" data-e-type=\"widget\" data-widget_type=\"call-to-action.default\">\n\t\t\t\t<div class=\"elementor-widget-container\">\n\t\t\t\t\t\t\t<div class=\"elementor-cta\">\n\t\t\t\t\t<div class=\"elementor-cta__bg-wrapper\">\n\t\t\t\t<div class=\"elementor-cta__bg elementor-bg\" style=\"background-image: url(https:\/\/lieliskimati.lv\/wp-content\/uploads\/2022\/08\/gre.png);\" role=\"img\" aria-label=\"gre.png\"><\/div>\n\t\t\t\t<div class=\"elementor-cta__bg-overlay\"><\/div>\n\t\t\t<\/div>\n\t\t\t\t\t\t\t<div class=\"elementor-cta__content\">\n\t\t\t\t\n\t\t\t\t\t\t\t\t\t<h1 class=\"elementor-cta__title elementor-cta__content-item elementor-content-item\">\n\t\t\t\t\t\tTAASTUVENERGIA\t\t\t\t\t<\/h1>\n\t\t\t\t\n\t\t\t\t\t\t\t\t\t<div class=\"elementor-cta__description elementor-cta__content-item elementor-content-item\">\n\t\t\t\t\t\tBiacr\u00e8 pere usub, et maailm on v\u00f5imeline toimima puhtal ja j\u00e4tkusuutlikul energial. Oma tootmises kasutatavad nad seega 100% sertifitseeritud taastuvatest allikatest p\u00e4rit energiat.\t\t\t\t\t<\/div>\n\t\t\t\t\n\t\t\t\t\t\t\t<\/div>\n\t\t\t\t\t\t<\/div>\n\t\t\t\t\t\t<\/div>\n\t\t\t\t<\/div>\n\t\t\t\t\t<\/div>\n\t\t<\/div>\n\t\t\t\t<div class=\"elementor-column elementor-col-33 elementor-top-column elementor-element elementor-element-51df65ec\" data-id=\"51df65ec\" data-element_type=\"column\" data-e-type=\"column\">\n\t\t\t<div class=\"elementor-widget-wrap elementor-element-populated\">\n\t\t\t\t\t\t<div class=\"elementor-element elementor-element-f3c14a3 elementor-cta--layout-image-above elementor-cta--skin-classic elementor-animated-content elementor-bg-transform elementor-bg-transform-zoom-in elementor-widget elementor-widget-call-to-action\" data-id=\"f3c14a3\" data-element_type=\"widget\" data-e-type=\"widget\" data-widget_type=\"call-to-action.default\">\n\t\t\t\t<div class=\"elementor-widget-container\">\n\t\t\t\t\t\t\t<div class=\"elementor-cta\">\n\t\t\t\t\t<div class=\"elementor-cta__bg-wrapper\">\n\t\t\t\t<div class=\"elementor-cta__bg elementor-bg\" style=\"background-image: url(https:\/\/lieliskimati.lv\/wp-content\/uploads\/2022\/08\/imgreen.png);\" role=\"img\" aria-label=\"imgreen.png\"><\/div>\n\t\t\t\t<div class=\"elementor-cta__bg-overlay\"><\/div>\n\t\t\t<\/div>\n\t\t\t\t\t\t\t<div class=\"elementor-cta__content\">\n\t\t\t\t\n\t\t\t\t\t\t\t\t\t<h1 class=\"elementor-cta__title elementor-cta__content-item elementor-content-item\">\n\t\t\t\t\t\tBIOPLASTIK\t\t\t\t\t<\/h1>\n\t\t\t\t\n\t\t\t\t\t\t\t\t\t<div class=\"elementor-cta__description elementor-cta__content-item elementor-content-item\">\n\t\t\t\t\t\tSuhkruroog nafta asemel: just nii valmib bio-plastik, millest Biacr\u00e8 tootepakendid on valmistatud. \"I\u00b4m Green\" on 100% taaskasutatav bio-plastik, mis loodud ainult taastuvatest ressurssidest ning keskkonnas\u00f5bralikult.\t\t\t\t\t<\/div>\n\t\t\t\t\n\t\t\t\t\t\t\t<\/div>\n\t\t\t\t\t\t<\/div>\n\t\t\t\t\t\t<\/div>\n\t\t\t\t<\/div>\n\t\t\t\t\t<\/div>\n\t\t<\/div>\n\t\t\t\t<div class=\"elementor-column elementor-col-33 elementor-top-column elementor-element elementor-element-4f51a70e\" data-id=\"4f51a70e\" data-element_type=\"column\" data-e-type=\"column\">\n\t\t\t<div class=\"elementor-widget-wrap elementor-element-populated\">\n\t\t\t\t\t\t<div class=\"elementor-element elementor-element-140879b9 elementor-cta--layout-image-above elementor-cta--skin-classic elementor-animated-content elementor-bg-transform elementor-bg-transform-zoom-in elementor-widget elementor-widget-call-to-action\" data-id=\"140879b9\" data-element_type=\"widget\" data-e-type=\"widget\" data-widget_type=\"call-to-action.default\">\n\t\t\t\t<div class=\"elementor-widget-container\">\n\t\t\t\t\t\t\t<div class=\"elementor-cta\">\n\t\t\t\t\t<div class=\"elementor-cta__bg-wrapper\">\n\t\t\t\t<div class=\"elementor-cta__bg elementor-bg\" style=\"background-image: url(https:\/\/lieliskimati.lv\/wp-content\/uploads\/2022\/08\/fsc2.jpg);\" role=\"img\" aria-label=\"fsc2.jpg\"><\/div>\n\t\t\t\t<div class=\"elementor-cta__bg-overlay\"><\/div>\n\t\t\t<\/div>\n\t\t\t\t\t\t\t<div class=\"elementor-cta__content\">\n\t\t\t\t\n\t\t\t\t\t\t\t\t\t<h1 class=\"elementor-cta__title elementor-cta__content-item elementor-content-item\">\n\t\t\t\t\t\tFORESTS FOR ALL FOREVER\t\t\t\t\t<\/h1>\n\t\t\t\t\n\t\t\t\t\t\t\t\t\t<div class=\"elementor-cta__description elementor-cta__content-item elementor-content-item\">\n\t\t\t\t\t\tK\u00f5ik Biacr\u00e8 tootekataloogid ja ettev\u00f5ttes kasutatav paber kannab FSC m\u00e4rgistust, mis on k\u00f5ige usaldusv\u00e4\u00e4rsem ja tunnustatum vastutustundliku metsanduse m\u00e4rgis. FSC ma\u0308rki kandev toode on pa\u0308rit vastutustundlikult majandatud metsast, kus va\u0308a\u0308rtustatakse vo\u0303rdselt nii looduslikku keskkonda, kogukondi kui ka majanduslikku elujo\u0303ulisust.\t\t\t\t\t<\/div>\n\t\t\t\t\n\t\t\t\t\t\t\t<\/div>\n\t\t\t\t\t\t<\/div>\n\t\t\t\t\t\t<\/div>\n\t\t\t\t<\/div>\n\t\t\t\t\t<\/div>\n\t\t<\/div>\n\t\t\t\t\t<\/div>\n\t\t<\/section>\n\t\t\t\t<section class=\"elementor-section elementor-top-section elementor-element elementor-element-2d693d90 elementor-section-boxed elementor-section-height-default elementor-section-height-default\" data-id=\"2d693d90\" data-element_type=\"section\" data-e-type=\"section\">\n\t\t\t\t\t\t<div class=\"elementor-container elementor-column-gap-default\">\n\t\t\t\t\t<div class=\"elementor-column elementor-col-50 elementor-top-column elementor-element elementor-element-7f7a9e03\" data-id=\"7f7a9e03\" data-element_type=\"column\" data-e-type=\"column\">\n\t\t\t<div class=\"elementor-widget-wrap elementor-element-populated\">\n\t\t\t\t\t\t<div class=\"elementor-element elementor-element-ba587cf elementor-widget elementor-widget-image\" data-id=\"ba587cf\" data-element_type=\"widget\" data-e-type=\"widget\" data-widget_type=\"image.default\">\n\t\t\t\t<div class=\"elementor-widget-container\">\n\t\t\t\t\t\t\t\t\t\t\t\t\t\t\t<img loading=\"lazy\" decoding=\"async\" width=\"961\" height=\"905\" src=\"https:\/\/lieliskimati.lv\/wp-content\/uploads\/2022\/08\/biacre_naturalita-bis_PNG.png\" class=\"attachment-full size-full wp-image-10185\" alt=\"\" srcset=\"https:\/\/lieliskimati.lv\/wp-content\/uploads\/2022\/08\/biacre_naturalita-bis_PNG.png 961w, https:\/\/lieliskimati.lv\/wp-content\/uploads\/2022\/08\/biacre_naturalita-bis_PNG-680x640.png 680w, https:\/\/lieliskimati.lv\/wp-content\/uploads\/2022\/08\/biacre_naturalita-bis_PNG-300x283.png 300w, https:\/\/lieliskimati.lv\/wp-content\/uploads\/2022\/08\/biacre_naturalita-bis_PNG-768x723.png 768w, https:\/\/lieliskimati.lv\/wp-content\/uploads\/2022\/08\/biacre_naturalita-bis_PNG-96x90.png 96w, https:\/\/lieliskimati.lv\/wp-content\/uploads\/2022\/08\/biacre_naturalita-bis_PNG-42x40.png 42w, https:\/\/lieliskimati.lv\/wp-content\/uploads\/2022\/08\/biacre_naturalita-bis_PNG-60x57.png 60w\" sizes=\"(max-width: 961px) 100vw, 961px\" title=\"\">\t\t\t\t\t\t\t\t\t\t\t\t\t\t\t<\/div>\n\t\t\t\t<\/div>\n\t\t\t\t\t<\/div>\n\t\t<\/div>\n\t\t\t\t<div class=\"elementor-column elementor-col-50 elementor-top-column elementor-element elementor-element-188450db\" data-id=\"188450db\" data-element_type=\"column\" data-e-type=\"column\">\n\t\t\t<div class=\"elementor-widget-wrap elementor-element-populated\">\n\t\t\t\t\t\t<section class=\"elementor-section elementor-inner-section elementor-element elementor-element-68aa74e4 elementor-section-height-min-height elementor-section-boxed elementor-section-height-default\" data-id=\"68aa74e4\" data-element_type=\"section\" data-e-type=\"section\">\n\t\t\t\t\t\t<div class=\"elementor-container elementor-column-gap-default\">\n\t\t\t\t\t<div class=\"elementor-column elementor-col-100 elementor-inner-column elementor-element elementor-element-67fb57a1\" data-id=\"67fb57a1\" data-element_type=\"column\" data-e-type=\"column\" data-settings=\"{&quot;motion_fx_motion_fx_scrolling&quot;:&quot;yes&quot;,&quot;motion_fx_translateX_effect&quot;:&quot;yes&quot;,&quot;motion_fx_translateX_speed&quot;:{&quot;unit&quot;:&quot;px&quot;,&quot;size&quot;:&quot;1&quot;,&quot;sizes&quot;:[]},&quot;motion_fx_translateX_affectedRange&quot;:{&quot;unit&quot;:&quot;%&quot;,&quot;size&quot;:&quot;&quot;,&quot;sizes&quot;:{&quot;start&quot;:&quot;0&quot;,&quot;end&quot;:&quot;50&quot;}},&quot;motion_fx_devices&quot;:[&quot;desktop&quot;]}\">\n\t\t\t<div class=\"elementor-widget-wrap elementor-element-populated\">\n\t\t\t\t\t\t<div class=\"elementor-element elementor-element-406daf0a elementor-widget elementor-widget-heading\" data-id=\"406daf0a\" data-element_type=\"widget\" data-e-type=\"widget\" data-widget_type=\"heading.default\">\n\t\t\t\t<div class=\"elementor-widget-container\">\n\t\t\t\t\t<p class=\"elementor-heading-title elementor-size-default\">\"<\/p>\t\t\t\t<\/div>\n\t\t\t\t<\/div>\n\t\t\t\t<div class=\"elementor-element elementor-element-37257171 elementor-widget elementor-widget-heading\" data-id=\"37257171\" data-element_type=\"widget\" data-e-type=\"widget\" data-widget_type=\"heading.default\">\n\t\t\t\t<div class=\"elementor-widget-container\">\n\t\t\t\t\t<h3 class=\"elementor-heading-title elementor-size-default\">Biacr\u00e8 \/\/ <\/h3>\t\t\t\t<\/div>\n\t\t\t\t<\/div>\n\t\t\t\t<div class=\"elementor-element elementor-element-7d6d0236 elementor-widget elementor-widget-text-editor\" data-id=\"7d6d0236\" data-element_type=\"widget\" data-e-type=\"widget\" data-widget_type=\"text-editor.default\">\n\t\t\t\t<div class=\"elementor-widget-container\">\n\t\t\t\t\t\t\t\t\t<p class=\"p1\">\u201e<strong>Loodus<\/strong> r\u00e4\u00e4gib meiega, ja meie kuulame Loodust.\u201c<\/p>\t\t\t\t\t\t\t\t<\/div>\n\t\t\t\t<\/div>\n\t\t\t\t\t<\/div>\n\t\t<\/div>\n\t\t\t\t\t<\/div>\n\t\t<\/section>\n\t\t\t\t\t<\/div>\n\t\t<\/div>\n\t\t\t\t\t<\/div>\n\t\t<\/section>\n\t\t\t\t<section class=\"elementor-section elementor-top-section elementor-element elementor-element-22f4ae1 elementor-section-full_width elementor-section-height-min-height elementor-section-stretched elementor-section-height-default elementor-section-items-middle\" data-id=\"22f4ae1\" data-element_type=\"section\" data-e-type=\"section\" data-settings=\"{&quot;stretch_section&quot;:&quot;section-stretched&quot;,&quot;background_background&quot;:&quot;classic&quot;}\">\n\t\t\t\t\t\t<div class=\"elementor-container elementor-column-gap-default\">\n\t\t\t\t\t<div class=\"elementor-column elementor-col-100 elementor-top-column elementor-element elementor-element-4a986a8\" data-id=\"4a986a8\" data-element_type=\"column\" data-e-type=\"column\">\n\t\t\t<div class=\"elementor-widget-wrap\">\n\t\t\t\t\t\t\t<\/div>\n\t\t<\/div>\n\t\t\t\t\t<\/div>\n\t\t<\/section>\n\t\t\t\t<\/div>\n\t\t","protected":false},"excerpt":{"rendered":"<p>INSPIREERITUD PUHTAST TOSCANALOODUSEST Vaata Biacr\u00e8 tootesarju siit Kirg juuksehoolduse vastu \u00fcle 2 generatsiooni Biacr\u00e8 br\u00e4nd ja juuksehooldussari loodi aastal 1967 Toscanas ning kuulub \u00fcle kahe generatsiooni \u00fchte perekonda. Juba algusaegadest l\u00e4htus perekond kindlatest p\u00f5him\u00f5tetest: kvaliteet, unikaalsus ja innovatsioon. Valmistatud Toskaanas Biacr\u00e8 tooted luuakse ja valmistatakse imelises Toskaanas, Itaalias. Biacr\u00e8 pere valib toodetesse alati vaid puhtaimad ja parimad komponendid \u00fcle maailma, mis oleks orgaaniliselt kasvatatud, eetiliselt ja j\u00e4tkusuutlikult valmistatud. Looduslikkus &#038; j\u00e4tkusuutlikkus Biacr\u00e8 pere otsib ja&hellip;<\/p>\n","protected":false},"author":1,"featured_media":0,"parent":0,"menu_order":0,"comment_status":"closed","ping_status":"closed","template":"","meta":{"footnotes":""},"class_list":["post-10148","page","type-page","status-publish","hentry"],"_links":{"self":[{"href":"https:\/\/lieliskimati.lv\/et\/wp-json\/wp\/v2\/pages\/10148","targetHints":{"allow":["GET"]}}],"collection":[{"href":"https:\/\/lieliskimati.lv\/et\/wp-json\/wp\/v2\/pages"}],"about":[{"href":"https:\/\/lieliskimati.lv\/et\/wp-json\/wp\/v2\/types\/page"}],"author":[{"embeddable":true,"href":"https:\/\/lieliskimati.lv\/et\/wp-json\/wp\/v2\/users\/1"}],"replies":[{"embeddable":true,"href":"https:\/\/lieliskimati.lv\/et\/wp-json\/wp\/v2\/comments?post=10148"}],"version-history":[{"count":0,"href":"https:\/\/lieliskimati.lv\/et\/wp-json\/wp\/v2\/pages\/10148\/revisions"}],"wp:attachment":[{"href":"https:\/\/lieliskimati.lv\/et\/wp-json\/wp\/v2\/media?parent=10148"}],"curies":[{"name":"wp","href":"https:\/\/api.w.org\/{rel}","templated":true}]}}